{"id":48025,"date":"2025-11-26T12:39:36","date_gmt":"2025-11-26T11:39:36","guid":{"rendered":"https:\/\/www.hirtenberg-apotheke.at\/katalog\/produkt\/casida-kokosoel-fluessig-haut-haare-feuchtigkeitsspendend-nicht-fettend\/"},"modified":"2025-11-26T12:39:52","modified_gmt":"2025-11-26T11:39:52","slug":"casida-kokosoel-fluessig-haut-haare-feuchtigkeitsspendend-nicht-fettend","status":"publish","type":"product","link":"https:\/\/www.hirtenberg-apotheke.at\/katalog\/produkt\/casida-kokosoel-fluessig-haut-haare-feuchtigkeitsspendend-nicht-fettend\/","title":{"rendered":"Casida KOKOS\u00d6L fl\u00fcssig Haut &#038; Haare feuchtigkeitsspendend nicht fettend"},"content":{"rendered":"<p>Casida Kokos\u00f6l fl\u00fcssig Haut &#038; Haare 100 ml dient zur Pflege von Haut und Haaren. Das fl\u00fcssige, geruchsneutrale Kokos\u00f6l eignet sich hervorragend f\u00fcr die Pflege der Haut. Es zieht schnell ein und spendet der Haut die n\u00f6tige Feuchtigkeit. Die Anwendung von Kokos\u00f6l sorgt schnell f\u00fcr seidig, glatte Haut. Auch f\u00fcr die Haarpflege ist das \u00d6l ein bew\u00e4hrtes Mittel, da es eine pflegende, regulierende Wirkung auf Haar, Haarwurzeln und Kopfhaut besitzt.<\/p>\n","protected":false},"excerpt":{"rendered":"<p>Casida Kokos\u00f6l fl\u00fcssig Haut &#038; Haare 100 ml dient zur Pflege von Haut und Haaren. Das fl\u00fcssige, geruchsneutrale Kokos\u00f6l eignet sich hervorragend f\u00fcr die Pflege der Haut. Es zieht schnell ein und spendet der Haut die n\u00f6tige Feuchtigkeit. Die Anwendung von Kokos\u00f6l sorgt schnell f\u00fcr seidig, glatte Haut. Auch f\u00fcr die Haarpflege ist das \u00d6l [&hellip;]<\/p>\n","protected":false},"featured_media":48027,"template":"","meta":{"_acf_changed":false},"product_brand":[],"product_cat":[337],"product_tag":[],"class_list":{"0":"post-48025","1":"product","2":"type-product","3":"status-publish","4":"has-post-thumbnail","6":"product_cat-c","7":"pa_packungsgroesse-100ml","9":"first","10":"instock","11":"shipping-taxable","12":"purchasable","13":"product-type-simple"},"acf":[],"_links":{"self":[{"href":"https:\/\/www.hirtenberg-apotheke.at\/katalog\/wp-json\/wp\/v2\/product\/48025","targetHints":{"allow":["GET"]}}],"collection":[{"href":"https:\/\/www.hirtenberg-apotheke.at\/katalog\/wp-json\/wp\/v2\/product"}],"about":[{"href":"https:\/\/www.hirtenberg-apotheke.at\/katalog\/wp-json\/wp\/v2\/types\/product"}],"wp:featuredmedia":[{"embeddable":true,"href":"https:\/\/www.hirtenberg-apotheke.at\/katalog\/wp-json\/wp\/v2\/media\/48027"}],"wp:attachment":[{"href":"https:\/\/www.hirtenberg-apotheke.at\/katalog\/wp-json\/wp\/v2\/media?parent=48025"}],"wp:term":[{"taxonomy":"product_brand","embeddable":true,"href":"https:\/\/www.hirtenberg-apotheke.at\/katalog\/wp-json\/wp\/v2\/product_brand?post=48025"},{"taxonomy":"product_cat","embeddable":true,"href":"https:\/\/www.hirtenberg-apotheke.at\/katalog\/wp-json\/wp\/v2\/product_cat?post=48025"},{"taxonomy":"product_tag","embeddable":true,"href":"https:\/\/www.hirtenberg-apotheke.at\/katalog\/wp-json\/wp\/v2\/product_tag?post=48025"}],"curies":[{"name":"wp","href":"https:\/\/api.w.org\/{rel}","templated":true}]}}