{"id":48117,"date":"2025-11-26T12:41:50","date_gmt":"2025-11-26T11:41:50","guid":{"rendered":"https:\/\/www.hirtenberg-apotheke.at\/katalog\/produkt\/mundschutz-coldex-50-stk\/"},"modified":"2025-11-26T12:42:05","modified_gmt":"2025-11-26T11:42:05","slug":"mundschutz-coldex-50-stk","status":"publish","type":"product","link":"https:\/\/www.hirtenberg-apotheke.at\/katalog\/produkt\/mundschutz-coldex-50-stk\/","title":{"rendered":"Mundschutz Coldex 50 Stk."},"content":{"rendered":"<p>Mundschutz Coldex bietet maximale Filterleistung (99,7 % auch bei Kleinpartikeln). Er bietet optimale Sitz- und Passform sowie erh\u00f6hten Tragekomfort durch gro\u00dfe Ohrenschlaufen. Coldex Mundschutz ist absolut glasfaser- und latexfrei.Der Coldex Mundschutz kann bei richtiger Anwendung dazu beitragen, die \u00dcbertragung von Erregern durch Tr\u00f6pfcheninfektion, die vom Tr\u00e4ger des Mundschutzes ausgehen, zu reduzieren.Einen ausreichenden Schutz vor Ansteckung mit dem Coronavirus bieten OP-Masken wie der Coldex Mundschutz nicht. Er bietet auch keinen vollst\u00e4ndigen Schutz f\u00fcr gesunde Personen vor Tr\u00f6pfcheninfektion durch Erreger aus der Umgebung. Einen solchen Schutz bieten nur Atemschutzmasken. .<\/p>\n","protected":false},"excerpt":{"rendered":"<p>Mundschutz Coldex bietet maximale Filterleistung (99,7 % auch bei Kleinpartikeln). Er bietet optimale Sitz- und Passform sowie erh\u00f6hten Tragekomfort durch gro\u00dfe Ohrenschlaufen. Coldex Mundschutz ist absolut glasfaser- und latexfrei.Der Coldex Mundschutz kann bei richtiger Anwendung dazu beitragen, die \u00dcbertragung von Erregern durch Tr\u00f6pfcheninfektion, die vom Tr\u00e4ger des Mundschutzes ausgehen, zu reduzieren.Einen ausreichenden Schutz vor Ansteckung [&hellip;]<\/p>\n","protected":false},"featured_media":48119,"template":"","meta":{"_acf_changed":false},"product_brand":[],"product_cat":[308],"product_tag":[],"class_list":{"0":"post-48117","1":"product","2":"type-product","3":"status-publish","4":"has-post-thumbnail","6":"product_cat-m","7":"pa_packungsgroesse-50-stueck","9":"first","10":"instock","11":"shipping-taxable","12":"purchasable","13":"product-type-simple"},"acf":[],"_links":{"self":[{"href":"https:\/\/www.hirtenberg-apotheke.at\/katalog\/wp-json\/wp\/v2\/product\/48117","targetHints":{"allow":["GET"]}}],"collection":[{"href":"https:\/\/www.hirtenberg-apotheke.at\/katalog\/wp-json\/wp\/v2\/product"}],"about":[{"href":"https:\/\/www.hirtenberg-apotheke.at\/katalog\/wp-json\/wp\/v2\/types\/product"}],"wp:featuredmedia":[{"embeddable":true,"href":"https:\/\/www.hirtenberg-apotheke.at\/katalog\/wp-json\/wp\/v2\/media\/48119"}],"wp:attachment":[{"href":"https:\/\/www.hirtenberg-apotheke.at\/katalog\/wp-json\/wp\/v2\/media?parent=48117"}],"wp:term":[{"taxonomy":"product_brand","embeddable":true,"href":"https:\/\/www.hirtenberg-apotheke.at\/katalog\/wp-json\/wp\/v2\/product_brand?post=48117"},{"taxonomy":"product_cat","embeddable":true,"href":"https:\/\/www.hirtenberg-apotheke.at\/katalog\/wp-json\/wp\/v2\/product_cat?post=48117"},{"taxonomy":"product_tag","embeddable":true,"href":"https:\/\/www.hirtenberg-apotheke.at\/katalog\/wp-json\/wp\/v2\/product_tag?post=48117"}],"curies":[{"name":"wp","href":"https:\/\/api.w.org\/{rel}","templated":true}]}}