{"id":48130,"date":"2025-11-26T12:41:50","date_gmt":"2025-11-26T11:41:50","guid":{"rendered":"https:\/\/www.hirtenberg-apotheke.at\/katalog\/produkt\/kneipp-sensitivederm-urmeer-badesalz-500-g\/"},"modified":"2025-11-26T12:42:10","modified_gmt":"2025-11-26T11:42:10","slug":"kneipp-sensitivederm-urmeer-badesalz-500-g","status":"publish","type":"product","link":"https:\/\/www.hirtenberg-apotheke.at\/katalog\/produkt\/kneipp-sensitivederm-urmeer-badesalz-500-g\/","title":{"rendered":"Kneipp SensitiveDerm Urmeer-Badesalz 500 g"},"content":{"rendered":"<p>Ein Bad mit dem Kneipp SensitiveDerm Urmeer-Badesalz reinigt Ihre Haut und pflegt sie nat\u00fcrlich sch\u00f6n. Die nat\u00fcrlichen Kr\u00e4fte des Salzes sorgen f\u00fcr ein wohltuendes Badeerlebnis und verleihen der Haut Geschmeidigkeit und gesunde Sch\u00f6nheit.<\/p>\n","protected":false},"excerpt":{"rendered":"<p>Ein Bad mit dem Kneipp SensitiveDerm Urmeer-Badesalz reinigt Ihre Haut und pflegt sie nat\u00fcrlich sch\u00f6n. Die nat\u00fcrlichen Kr\u00e4fte des Salzes sorgen f\u00fcr ein wohltuendes Badeerlebnis und verleihen der Haut Geschmeidigkeit und gesunde Sch\u00f6nheit.<\/p>\n","protected":false},"featured_media":48132,"template":"","meta":{"_acf_changed":false},"product_brand":[680],"product_cat":[387],"product_tag":[],"class_list":{"0":"post-48130","1":"product","2":"type-product","3":"status-publish","4":"has-post-thumbnail","6":"product_brand-kneipp","7":"product_cat-k","8":"pa_packungsgroesse-500g","10":"first","11":"instock","12":"shipping-taxable","13":"purchasable","14":"product-type-simple"},"acf":[],"_links":{"self":[{"href":"https:\/\/www.hirtenberg-apotheke.at\/katalog\/wp-json\/wp\/v2\/product\/48130","targetHints":{"allow":["GET"]}}],"collection":[{"href":"https:\/\/www.hirtenberg-apotheke.at\/katalog\/wp-json\/wp\/v2\/product"}],"about":[{"href":"https:\/\/www.hirtenberg-apotheke.at\/katalog\/wp-json\/wp\/v2\/types\/product"}],"wp:featuredmedia":[{"embeddable":true,"href":"https:\/\/www.hirtenberg-apotheke.at\/katalog\/wp-json\/wp\/v2\/media\/48132"}],"wp:attachment":[{"href":"https:\/\/www.hirtenberg-apotheke.at\/katalog\/wp-json\/wp\/v2\/media?parent=48130"}],"wp:term":[{"taxonomy":"product_brand","embeddable":true,"href":"https:\/\/www.hirtenberg-apotheke.at\/katalog\/wp-json\/wp\/v2\/product_brand?post=48130"},{"taxonomy":"product_cat","embeddable":true,"href":"https:\/\/www.hirtenberg-apotheke.at\/katalog\/wp-json\/wp\/v2\/product_cat?post=48130"},{"taxonomy":"product_tag","embeddable":true,"href":"https:\/\/www.hirtenberg-apotheke.at\/katalog\/wp-json\/wp\/v2\/product_tag?post=48130"}],"curies":[{"name":"wp","href":"https:\/\/api.w.org\/{rel}","templated":true}]}}