{"id":48137,"date":"2025-11-26T12:42:11","date_gmt":"2025-11-26T11:42:11","guid":{"rendered":"https:\/\/www.hirtenberg-apotheke.at\/katalog\/produkt\/vit-a-vision-augensalbe-5-g-2-stk\/"},"modified":"2025-11-26T12:42:18","modified_gmt":"2025-11-26T11:42:18","slug":"vit-a-vision-augensalbe-5-g-2-stk","status":"publish","type":"product","link":"https:\/\/www.hirtenberg-apotheke.at\/katalog\/produkt\/vit-a-vision-augensalbe-5-g-2-stk\/","title":{"rendered":"Vit-A-Vision Augensalbe 5 g 2 Stk."},"content":{"rendered":"<p>Vit-A-Vision Augensalbe lindert Symptome wie Brennen, Trockenheit oder M\u00fcdigkeit der Augen. Das Produkt wird zur lang anhaltenden Verbesserung des Tr\u00e4nenfilms und zum intensiven Schutz der Augenoberfl\u00e4che angewendet. Seine zellprotektiven Eigenschaften erm\u00f6glichen eine normale Re-Epithelisierung, wenn diese durch Trockenheit beeintr\u00e4chtigt ist.Durch unterschiedlichste Ursachen kann die Produktion des Tr\u00e4nenfilms am Auge gest\u00f6rt werden. Diese Ursachen enstehen durch Erm\u00fcdung der Augen, wie beispielsweise durch zu langes Sehen auf den Bildschirm, durch mechanischen Ursprung, beim Tragen von Kontaktlinsen oder auch durch \u00e4u\u00dfere Einfl\u00fcsse, wie etwa durch Wind, Klimaanlagen und Schmutz. Die Folgen sind Trockenheit, R\u00f6tungen und Reizungen, sowie ein Fremdk\u00f6rpergef\u00fchl im Auge. Die Vit-A-Vision Augensalbe, mit ihren zellprotektiven Eigenschaften, erm\u00f6glicht eine normale Re-Epithelisierung der Hornhaut, um diese nachhaltig mit Feuchtigkeit zu verbessern und somit dem Auge Schutz zu bieten. Die Salbe zeichnet sich durch besonders gute Vertr\u00e4glichkeit aus, vor allem durch das darin enthaltene Vitamin A, welches ein nat\u00fcrlicher Bestandteil des Tr\u00e4nenfilms ist. Das enthaltene Dexpanthenol erh\u00f6ht die Wasserbindungskapazit\u00e4t, es wird gut von der Haut aufgenommen und besitzt pflegende Eigenschaften..<\/p>\n","protected":false},"excerpt":{"rendered":"<p>Vit-A-Vision Augensalbe lindert Symptome wie Brennen, Trockenheit oder M\u00fcdigkeit der Augen. Das Produkt wird zur lang anhaltenden Verbesserung des Tr\u00e4nenfilms und zum intensiven Schutz der Augenoberfl\u00e4che angewendet. Seine zellprotektiven Eigenschaften erm\u00f6glichen eine normale Re-Epithelisierung, wenn diese durch Trockenheit beeintr\u00e4chtigt ist.Durch unterschiedlichste Ursachen kann die Produktion des Tr\u00e4nenfilms am Auge gest\u00f6rt werden. Diese Ursachen enstehen durch [&hellip;]<\/p>\n","protected":false},"featured_media":48139,"template":"","meta":{"_acf_changed":false},"product_brand":[],"product_cat":[300],"product_tag":[],"class_list":{"0":"post-48137","1":"product","2":"type-product","3":"status-publish","4":"has-post-thumbnail","6":"product_cat-v","7":"pa_packungsgroesse-2-stueck","9":"first","10":"instock","11":"shipping-taxable","12":"purchasable","13":"product-type-simple"},"acf":[],"_links":{"self":[{"href":"https:\/\/www.hirtenberg-apotheke.at\/katalog\/wp-json\/wp\/v2\/product\/48137","targetHints":{"allow":["GET"]}}],"collection":[{"href":"https:\/\/www.hirtenberg-apotheke.at\/katalog\/wp-json\/wp\/v2\/product"}],"about":[{"href":"https:\/\/www.hirtenberg-apotheke.at\/katalog\/wp-json\/wp\/v2\/types\/product"}],"wp:featuredmedia":[{"embeddable":true,"href":"https:\/\/www.hirtenberg-apotheke.at\/katalog\/wp-json\/wp\/v2\/media\/48139"}],"wp:attachment":[{"href":"https:\/\/www.hirtenberg-apotheke.at\/katalog\/wp-json\/wp\/v2\/media?parent=48137"}],"wp:term":[{"taxonomy":"product_brand","embeddable":true,"href":"https:\/\/www.hirtenberg-apotheke.at\/katalog\/wp-json\/wp\/v2\/product_brand?post=48137"},{"taxonomy":"product_cat","embeddable":true,"href":"https:\/\/www.hirtenberg-apotheke.at\/katalog\/wp-json\/wp\/v2\/product_cat?post=48137"},{"taxonomy":"product_tag","embeddable":true,"href":"https:\/\/www.hirtenberg-apotheke.at\/katalog\/wp-json\/wp\/v2\/product_tag?post=48137"}],"curies":[{"name":"wp","href":"https:\/\/api.w.org\/{rel}","templated":true}]}}