{"id":48183,"date":"2025-11-26T12:43:07","date_gmt":"2025-11-26T11:43:07","guid":{"rendered":"https:\/\/www.hirtenberg-apotheke.at\/katalog\/produkt\/wala-chelidonium-comp-augentropfen-30-stk\/"},"modified":"2025-11-26T12:43:14","modified_gmt":"2025-11-26T11:43:14","slug":"wala-chelidonium-comp-augentropfen-30-stk","status":"publish","type":"product","link":"https:\/\/www.hirtenberg-apotheke.at\/katalog\/produkt\/wala-chelidonium-comp-augentropfen-30-stk\/","title":{"rendered":"Wala Chelidonium Comp. Augentropfen 30 Stk."},"content":{"rendered":"<p>Wala Chelidonium Comp. Augentropfen befeuchten und erfrischen die Augen sofort. Zudem regen sie sanft die Tr\u00e4nensekretion an. Dar\u00fcber hinaus beruhigen die Tropfen das Auge, wirken kr\u00e4ftigend und st\u00e4rkend.<\/p>\n","protected":false},"excerpt":{"rendered":"<p>Wala Chelidonium Comp. Augentropfen befeuchten und erfrischen die Augen sofort. Zudem regen sie sanft die Tr\u00e4nensekretion an. Dar\u00fcber hinaus beruhigen die Tropfen das Auge, wirken kr\u00e4ftigend und st\u00e4rkend.<\/p>\n","protected":false},"featured_media":48185,"template":"","meta":{"_acf_changed":false},"product_brand":[857],"product_cat":[368],"product_tag":[],"class_list":{"0":"post-48183","1":"product","2":"type-product","3":"status-publish","4":"has-post-thumbnail","6":"product_brand-wala","7":"product_cat-w","8":"pa_packungsgroesse-30-stueck","10":"first","11":"instock","12":"shipping-taxable","13":"purchasable","14":"product-type-simple"},"acf":[],"_links":{"self":[{"href":"https:\/\/www.hirtenberg-apotheke.at\/katalog\/wp-json\/wp\/v2\/product\/48183","targetHints":{"allow":["GET"]}}],"collection":[{"href":"https:\/\/www.hirtenberg-apotheke.at\/katalog\/wp-json\/wp\/v2\/product"}],"about":[{"href":"https:\/\/www.hirtenberg-apotheke.at\/katalog\/wp-json\/wp\/v2\/types\/product"}],"wp:featuredmedia":[{"embeddable":true,"href":"https:\/\/www.hirtenberg-apotheke.at\/katalog\/wp-json\/wp\/v2\/media\/48185"}],"wp:attachment":[{"href":"https:\/\/www.hirtenberg-apotheke.at\/katalog\/wp-json\/wp\/v2\/media?parent=48183"}],"wp:term":[{"taxonomy":"product_brand","embeddable":true,"href":"https:\/\/www.hirtenberg-apotheke.at\/katalog\/wp-json\/wp\/v2\/product_brand?post=48183"},{"taxonomy":"product_cat","embeddable":true,"href":"https:\/\/www.hirtenberg-apotheke.at\/katalog\/wp-json\/wp\/v2\/product_cat?post=48183"},{"taxonomy":"product_tag","embeddable":true,"href":"https:\/\/www.hirtenberg-apotheke.at\/katalog\/wp-json\/wp\/v2\/product_tag?post=48183"}],"curies":[{"name":"wp","href":"https:\/\/api.w.org\/{rel}","templated":true}]}}