{"id":48191,"date":"2025-11-26T12:43:07","date_gmt":"2025-11-26T11:43:07","guid":{"rendered":"https:\/\/www.hirtenberg-apotheke.at\/katalog\/produkt\/clean-test-drogentest-kit-1-stk\/"},"modified":"2025-11-26T12:43:18","modified_gmt":"2025-11-26T11:43:18","slug":"clean-test-drogentest-kit-1-stk","status":"publish","type":"product","link":"https:\/\/www.hirtenberg-apotheke.at\/katalog\/produkt\/clean-test-drogentest-kit-1-stk\/","title":{"rendered":"Clean-test Drogentest Kit 1 Stk."},"content":{"rendered":"<p>Clean-test Drogentest Kit kann einfach, schnell und zuverl\u00e4ssig durchgef\u00fchrt werden. Es braucht dazu keine spezielle Ausbildung. Eine ausf\u00fchrliche Gebrauchsanweisung ist im Kit enthalten.<\/p>\n","protected":false},"excerpt":{"rendered":"<p>Clean-test Drogentest Kit kann einfach, schnell und zuverl\u00e4ssig durchgef\u00fchrt werden. Es braucht dazu keine spezielle Ausbildung. Eine ausf\u00fchrliche Gebrauchsanweisung ist im Kit enthalten.<\/p>\n","protected":false},"featured_media":48193,"template":"","meta":{"_acf_changed":false},"product_brand":[],"product_cat":[337],"product_tag":[],"class_list":{"0":"post-48191","1":"product","2":"type-product","3":"status-publish","4":"has-post-thumbnail","6":"product_cat-c","7":"pa_packungsgroesse-1-stueck","9":"first","10":"instock","11":"shipping-taxable","12":"purchasable","13":"product-type-simple"},"acf":[],"_links":{"self":[{"href":"https:\/\/www.hirtenberg-apotheke.at\/katalog\/wp-json\/wp\/v2\/product\/48191","targetHints":{"allow":["GET"]}}],"collection":[{"href":"https:\/\/www.hirtenberg-apotheke.at\/katalog\/wp-json\/wp\/v2\/product"}],"about":[{"href":"https:\/\/www.hirtenberg-apotheke.at\/katalog\/wp-json\/wp\/v2\/types\/product"}],"wp:featuredmedia":[{"embeddable":true,"href":"https:\/\/www.hirtenberg-apotheke.at\/katalog\/wp-json\/wp\/v2\/media\/48193"}],"wp:attachment":[{"href":"https:\/\/www.hirtenberg-apotheke.at\/katalog\/wp-json\/wp\/v2\/media?parent=48191"}],"wp:term":[{"taxonomy":"product_brand","embeddable":true,"href":"https:\/\/www.hirtenberg-apotheke.at\/katalog\/wp-json\/wp\/v2\/product_brand?post=48191"},{"taxonomy":"product_cat","embeddable":true,"href":"https:\/\/www.hirtenberg-apotheke.at\/katalog\/wp-json\/wp\/v2\/product_cat?post=48191"},{"taxonomy":"product_tag","embeddable":true,"href":"https:\/\/www.hirtenberg-apotheke.at\/katalog\/wp-json\/wp\/v2\/product_tag?post=48191"}],"curies":[{"name":"wp","href":"https:\/\/api.w.org\/{rel}","templated":true}]}}