{"id":48219,"date":"2025-11-26T12:43:39","date_gmt":"2025-11-26T11:43:39","guid":{"rendered":"https:\/\/www.hirtenberg-apotheke.at\/katalog\/produkt\/sebamed-sport-dusche-200-ml\/"},"modified":"2025-11-26T12:43:53","modified_gmt":"2025-11-26T11:43:53","slug":"sebamed-sport-dusche-200-ml","status":"publish","type":"product","link":"https:\/\/www.hirtenberg-apotheke.at\/katalog\/produkt\/sebamed-sport-dusche-200-ml\/","title":{"rendered":"Sebamed Sport Dusche 200 ml"},"content":{"rendered":"<p>sebamed Sportdusche 2 in 1 f\u00fcr Haut &#038; Haar reinigt Haut und Haar schonend, pflegt Haar und Kopfhaut intensiv und erfrischt und vitalisiert. Auch bei intensivem Training und h\u00e4ufigem Duschen bleibt die Haut sp\u00fcrbar gepflegt. Der hauteigene pH-Wert 5,5 f\u00f6rdert optimal die Funktion des nat\u00fcrlichen Hautschutzmantels \u2013 Haut und Kopfhaut bleiben gesund. Von Dermatologen und deutschen Spitzensportlern empfohlen.Pflegetipp: nach dem Duschen sebamed Lotion und sebamed Deo.<\/p>\n","protected":false},"excerpt":{"rendered":"<p>sebamed Sportdusche 2 in 1 f\u00fcr Haut &#038; Haar reinigt Haut und Haar schonend, pflegt Haar und Kopfhaut intensiv und erfrischt und vitalisiert. Auch bei intensivem Training und h\u00e4ufigem Duschen bleibt die Haut sp\u00fcrbar gepflegt. Der hauteigene pH-Wert 5,5 f\u00f6rdert optimal die Funktion des nat\u00fcrlichen Hautschutzmantels \u2013 Haut und Kopfhaut bleiben gesund. Von Dermatologen und [&hellip;]<\/p>\n","protected":false},"featured_media":48221,"template":"","meta":{"_acf_changed":false},"product_brand":[753],"product_cat":[303],"product_tag":[],"class_list":{"0":"post-48219","1":"product","2":"type-product","3":"status-publish","4":"has-post-thumbnail","6":"product_brand-sebamed","7":"product_cat-s","8":"pa_packungsgroesse-200ml","10":"first","11":"instock","12":"shipping-taxable","13":"purchasable","14":"product-type-simple"},"acf":[],"_links":{"self":[{"href":"https:\/\/www.hirtenberg-apotheke.at\/katalog\/wp-json\/wp\/v2\/product\/48219","targetHints":{"allow":["GET"]}}],"collection":[{"href":"https:\/\/www.hirtenberg-apotheke.at\/katalog\/wp-json\/wp\/v2\/product"}],"about":[{"href":"https:\/\/www.hirtenberg-apotheke.at\/katalog\/wp-json\/wp\/v2\/types\/product"}],"wp:featuredmedia":[{"embeddable":true,"href":"https:\/\/www.hirtenberg-apotheke.at\/katalog\/wp-json\/wp\/v2\/media\/48221"}],"wp:attachment":[{"href":"https:\/\/www.hirtenberg-apotheke.at\/katalog\/wp-json\/wp\/v2\/media?parent=48219"}],"wp:term":[{"taxonomy":"product_brand","embeddable":true,"href":"https:\/\/www.hirtenberg-apotheke.at\/katalog\/wp-json\/wp\/v2\/product_brand?post=48219"},{"taxonomy":"product_cat","embeddable":true,"href":"https:\/\/www.hirtenberg-apotheke.at\/katalog\/wp-json\/wp\/v2\/product_cat?post=48219"},{"taxonomy":"product_tag","embeddable":true,"href":"https:\/\/www.hirtenberg-apotheke.at\/katalog\/wp-json\/wp\/v2\/product_tag?post=48219"}],"curies":[{"name":"wp","href":"https:\/\/api.w.org\/{rel}","templated":true}]}}