{"id":48242,"date":"2025-11-26T12:44:00","date_gmt":"2025-11-26T11:44:00","guid":{"rendered":"https:\/\/www.hirtenberg-apotheke.at\/katalog\/produkt\/tetesept-pflanzlicher-hustenstiller-125-ml\/"},"modified":"2025-11-26T12:44:27","modified_gmt":"2025-11-26T11:44:27","slug":"tetesept-pflanzlicher-hustenstiller-125-ml","status":"publish","type":"product","link":"https:\/\/www.hirtenberg-apotheke.at\/katalog\/produkt\/tetesept-pflanzlicher-hustenstiller-125-ml\/","title":{"rendered":"Tetesept Pflanzlicher Hustenstiller 125 ml"},"content":{"rendered":"<p>Tetesept Pflanzlicher Reizhusten Stiller legt sich wie ein sanfter Balsam auf die gereizte Schleimhaut, wodurch diese beruhigt wird. Der l\u00e4stige Hustenreiz wird sp\u00fcrbar gelindert und die Schleimhaut zudem l\u00e4nger befeuchtet..<\/p>\n","protected":false},"excerpt":{"rendered":"<p>Tetesept Pflanzlicher Reizhusten Stiller legt sich wie ein sanfter Balsam auf die gereizte Schleimhaut, wodurch diese beruhigt wird. Der l\u00e4stige Hustenreiz wird sp\u00fcrbar gelindert und die Schleimhaut zudem l\u00e4nger befeuchtet..<\/p>\n","protected":false},"featured_media":48244,"template":"","meta":{"_acf_changed":false},"product_brand":[468],"product_cat":[319],"product_tag":[],"class_list":{"0":"post-48242","1":"product","2":"type-product","3":"status-publish","4":"has-post-thumbnail","6":"product_brand-tetesept","7":"product_cat-t","8":"pa_packungsgroesse-125ml","10":"first","11":"instock","12":"shipping-taxable","13":"purchasable","14":"product-type-simple"},"acf":[],"_links":{"self":[{"href":"https:\/\/www.hirtenberg-apotheke.at\/katalog\/wp-json\/wp\/v2\/product\/48242","targetHints":{"allow":["GET"]}}],"collection":[{"href":"https:\/\/www.hirtenberg-apotheke.at\/katalog\/wp-json\/wp\/v2\/product"}],"about":[{"href":"https:\/\/www.hirtenberg-apotheke.at\/katalog\/wp-json\/wp\/v2\/types\/product"}],"wp:featuredmedia":[{"embeddable":true,"href":"https:\/\/www.hirtenberg-apotheke.at\/katalog\/wp-json\/wp\/v2\/media\/48244"}],"wp:attachment":[{"href":"https:\/\/www.hirtenberg-apotheke.at\/katalog\/wp-json\/wp\/v2\/media?parent=48242"}],"wp:term":[{"taxonomy":"product_brand","embeddable":true,"href":"https:\/\/www.hirtenberg-apotheke.at\/katalog\/wp-json\/wp\/v2\/product_brand?post=48242"},{"taxonomy":"product_cat","embeddable":true,"href":"https:\/\/www.hirtenberg-apotheke.at\/katalog\/wp-json\/wp\/v2\/product_cat?post=48242"},{"taxonomy":"product_tag","embeddable":true,"href":"https:\/\/www.hirtenberg-apotheke.at\/katalog\/wp-json\/wp\/v2\/product_tag?post=48242"}],"curies":[{"name":"wp","href":"https:\/\/api.w.org\/{rel}","templated":true}]}}