{"id":48352,"date":"2025-11-26T12:46:27","date_gmt":"2025-11-26T11:46:27","guid":{"rendered":"https:\/\/www.hirtenberg-apotheke.at\/katalog\/produkt\/life-light-q10-coenzym-kapseln-90-stk\/"},"modified":"2025-11-26T12:46:36","modified_gmt":"2025-11-26T11:46:36","slug":"life-light-q10-coenzym-kapseln-90-stk","status":"publish","type":"product","link":"https:\/\/www.hirtenberg-apotheke.at\/katalog\/produkt\/life-light-q10-coenzym-kapseln-90-stk\/","title":{"rendered":"Life Light Q10 Coenzym Kapseln 90 Stk."},"content":{"rendered":"<p>Life Light Q10 Coenzym Kapseln enthalten orthomolekulares Coenzym Q10 als Fl\u00fcssigformulierung mit der patentierten Licaps-Technologie. Coenzym Q10 in fl\u00fcssiger Form erm\u00f6glicht eine bessere und schnellere Aufnahme des wertvollen Coenzyms als in der herk\u00f6mmlichen Pulverform. Die Kapseln dienen zur Unterst\u00fctzung der Herzfunktion, speziell bei \u00e4lteren Menschen..<\/p>\n","protected":false},"excerpt":{"rendered":"<p>Life Light Q10 Coenzym Kapseln enthalten orthomolekulares Coenzym Q10 als Fl\u00fcssigformulierung mit der patentierten Licaps-Technologie. Coenzym Q10 in fl\u00fcssiger Form erm\u00f6glicht eine bessere und schnellere Aufnahme des wertvollen Coenzyms als in der herk\u00f6mmlichen Pulverform. Die Kapseln dienen zur Unterst\u00fctzung der Herzfunktion, speziell bei \u00e4lteren Menschen..<\/p>\n","protected":false},"featured_media":0,"template":"","meta":{"_acf_changed":false},"product_brand":[],"product_cat":[317],"product_tag":[],"class_list":{"0":"post-48352","1":"product","2":"type-product","3":"status-publish","5":"product_cat-l","6":"pa_packungsgroesse-90-stueck","8":"first","9":"instock","10":"shipping-taxable","11":"purchasable","12":"product-type-simple"},"acf":[],"_links":{"self":[{"href":"https:\/\/www.hirtenberg-apotheke.at\/katalog\/wp-json\/wp\/v2\/product\/48352","targetHints":{"allow":["GET"]}}],"collection":[{"href":"https:\/\/www.hirtenberg-apotheke.at\/katalog\/wp-json\/wp\/v2\/product"}],"about":[{"href":"https:\/\/www.hirtenberg-apotheke.at\/katalog\/wp-json\/wp\/v2\/types\/product"}],"wp:attachment":[{"href":"https:\/\/www.hirtenberg-apotheke.at\/katalog\/wp-json\/wp\/v2\/media?parent=48352"}],"wp:term":[{"taxonomy":"product_brand","embeddable":true,"href":"https:\/\/www.hirtenberg-apotheke.at\/katalog\/wp-json\/wp\/v2\/product_brand?post=48352"},{"taxonomy":"product_cat","embeddable":true,"href":"https:\/\/www.hirtenberg-apotheke.at\/katalog\/wp-json\/wp\/v2\/product_cat?post=48352"},{"taxonomy":"product_tag","embeddable":true,"href":"https:\/\/www.hirtenberg-apotheke.at\/katalog\/wp-json\/wp\/v2\/product_tag?post=48352"}],"curies":[{"name":"wp","href":"https:\/\/api.w.org\/{rel}","templated":true}]}}