{"id":48365,"date":"2025-11-26T12:46:38","date_gmt":"2025-11-26T11:46:38","guid":{"rendered":"https:\/\/www.hirtenberg-apotheke.at\/katalog\/produkt\/borotalco-talcum-puder-100-g\/"},"modified":"2025-11-26T12:46:50","modified_gmt":"2025-11-26T11:46:50","slug":"borotalco-talcum-puder-100-g","status":"publish","type":"product","link":"https:\/\/www.hirtenberg-apotheke.at\/katalog\/produkt\/borotalco-talcum-puder-100-g\/","title":{"rendered":"Borotalco Talcum Puder 100 g"},"content":{"rendered":"<p>Borotalco Talcum Puder zeichnet sich durch seine unvergleichlich hohe Qualit\u00e4t aus. Mit seinen absorbierenden, erfrischenden und gl\u00e4ttenden Eigenschaften bietet es der Haut von Erwachsenen und Kindern zahlreiche Anwendungsm\u00f6glichkeiten. Es eignet sich auch perfekt f\u00fcr empfindliche Haut, da das feine, nat\u00fcrliche Puder die Poren atmen l\u00e4sst.<\/p>\n","protected":false},"excerpt":{"rendered":"<p>Borotalco Talcum Puder zeichnet sich durch seine unvergleichlich hohe Qualit\u00e4t aus. Mit seinen absorbierenden, erfrischenden und gl\u00e4ttenden Eigenschaften bietet es der Haut von Erwachsenen und Kindern zahlreiche Anwendungsm\u00f6glichkeiten. Es eignet sich auch perfekt f\u00fcr empfindliche Haut, da das feine, nat\u00fcrliche Puder die Poren atmen l\u00e4sst.<\/p>\n","protected":false},"featured_media":48367,"template":"","meta":{"_acf_changed":false},"product_brand":[],"product_cat":[292],"product_tag":[],"class_list":{"0":"post-48365","1":"product","2":"type-product","3":"status-publish","4":"has-post-thumbnail","6":"product_cat-b","7":"pa_packungsgroesse-100g","9":"first","10":"instock","11":"shipping-taxable","12":"purchasable","13":"product-type-simple"},"acf":[],"_links":{"self":[{"href":"https:\/\/www.hirtenberg-apotheke.at\/katalog\/wp-json\/wp\/v2\/product\/48365","targetHints":{"allow":["GET"]}}],"collection":[{"href":"https:\/\/www.hirtenberg-apotheke.at\/katalog\/wp-json\/wp\/v2\/product"}],"about":[{"href":"https:\/\/www.hirtenberg-apotheke.at\/katalog\/wp-json\/wp\/v2\/types\/product"}],"wp:featuredmedia":[{"embeddable":true,"href":"https:\/\/www.hirtenberg-apotheke.at\/katalog\/wp-json\/wp\/v2\/media\/48367"}],"wp:attachment":[{"href":"https:\/\/www.hirtenberg-apotheke.at\/katalog\/wp-json\/wp\/v2\/media?parent=48365"}],"wp:term":[{"taxonomy":"product_brand","embeddable":true,"href":"https:\/\/www.hirtenberg-apotheke.at\/katalog\/wp-json\/wp\/v2\/product_brand?post=48365"},{"taxonomy":"product_cat","embeddable":true,"href":"https:\/\/www.hirtenberg-apotheke.at\/katalog\/wp-json\/wp\/v2\/product_cat?post=48365"},{"taxonomy":"product_tag","embeddable":true,"href":"https:\/\/www.hirtenberg-apotheke.at\/katalog\/wp-json\/wp\/v2\/product_tag?post=48365"}],"curies":[{"name":"wp","href":"https:\/\/api.w.org\/{rel}","templated":true}]}}