{"id":48389,"date":"2025-11-26T12:47:05","date_gmt":"2025-11-26T11:47:05","guid":{"rendered":"https:\/\/www.hirtenberg-apotheke.at\/katalog\/produkt\/gall-pharma-vitamin-d3-20-000-i-e-kapseln-30-stk\/"},"modified":"2025-11-26T12:47:26","modified_gmt":"2025-11-26T11:47:26","slug":"gall-pharma-vitamin-d3-20-000-i-e-kapseln-30-stk","status":"publish","type":"product","link":"https:\/\/www.hirtenberg-apotheke.at\/katalog\/produkt\/gall-pharma-vitamin-d3-20-000-i-e-kapseln-30-stk\/","title":{"rendered":"Gall Pharma Vitamin D3 20.000 I.E. Kapseln 30 Stk."},"content":{"rendered":"<p>Vitamin D3 (Colecalciferol) geh\u00f6rt zur Gruppe der fettl\u00f6slichen Vitamine. Vitamin D nimmt eine Sonderstellung unter den Vitaminen ein, da es in der Haut mit Hilfe von UV-B-Strahlen des Sonnenlichts gebildet werden kann. Allerdings reicht in Mitteleuropa die Sonneneinstrahlung w\u00e4hrend der Herbst und Wintermonate nicht aus, um eine optimale Versorgung zu sichern. Zudem ist Vitamin D nur begrenzt speicherbar. Daher ist eine regelm\u00e4\u00dfige Erg\u00e4nzung der Nahrung besonders in der sonnenarmen Zeit sinnvoll. Mit der Entdeckung weiterer Angriffspunkte von Vitamin D ergibt sich eine Vielzahl neuer Anwendungsm\u00f6glichkeiten, die heute weit \u00fcber den bekannten knochenmineralisierenden Effekt hinausgehen.<\/p>\n","protected":false},"excerpt":{"rendered":"<p>Vitamin D3 (Colecalciferol) geh\u00f6rt zur Gruppe der fettl\u00f6slichen Vitamine. Vitamin D nimmt eine Sonderstellung unter den Vitaminen ein, da es in der Haut mit Hilfe von UV-B-Strahlen des Sonnenlichts gebildet werden kann. Allerdings reicht in Mitteleuropa die Sonneneinstrahlung w\u00e4hrend der Herbst und Wintermonate nicht aus, um eine optimale Versorgung zu sichern. Zudem ist Vitamin D [&hellip;]<\/p>\n","protected":false},"featured_media":48391,"template":"","meta":{"_acf_changed":false},"product_brand":[316],"product_cat":[328],"product_tag":[],"class_list":{"0":"post-48389","1":"product","2":"type-product","3":"status-publish","4":"has-post-thumbnail","6":"product_brand-gall-pharma","7":"product_cat-g","8":"pa_packungsgroesse-30-stueck","10":"first","11":"instock","12":"shipping-taxable","13":"purchasable","14":"product-type-simple"},"acf":[],"_links":{"self":[{"href":"https:\/\/www.hirtenberg-apotheke.at\/katalog\/wp-json\/wp\/v2\/product\/48389","targetHints":{"allow":["GET"]}}],"collection":[{"href":"https:\/\/www.hirtenberg-apotheke.at\/katalog\/wp-json\/wp\/v2\/product"}],"about":[{"href":"https:\/\/www.hirtenberg-apotheke.at\/katalog\/wp-json\/wp\/v2\/types\/product"}],"wp:featuredmedia":[{"embeddable":true,"href":"https:\/\/www.hirtenberg-apotheke.at\/katalog\/wp-json\/wp\/v2\/media\/48391"}],"wp:attachment":[{"href":"https:\/\/www.hirtenberg-apotheke.at\/katalog\/wp-json\/wp\/v2\/media?parent=48389"}],"wp:term":[{"taxonomy":"product_brand","embeddable":true,"href":"https:\/\/www.hirtenberg-apotheke.at\/katalog\/wp-json\/wp\/v2\/product_brand?post=48389"},{"taxonomy":"product_cat","embeddable":true,"href":"https:\/\/www.hirtenberg-apotheke.at\/katalog\/wp-json\/wp\/v2\/product_cat?post=48389"},{"taxonomy":"product_tag","embeddable":true,"href":"https:\/\/www.hirtenberg-apotheke.at\/katalog\/wp-json\/wp\/v2\/product_tag?post=48389"}],"curies":[{"name":"wp","href":"https:\/\/api.w.org\/{rel}","templated":true}]}}