{"id":48413,"date":"2025-11-26T12:47:35","date_gmt":"2025-11-26T11:47:35","guid":{"rendered":"https:\/\/www.hirtenberg-apotheke.at\/katalog\/produkt\/ren-rosa-centifolia-reinigungsgel-150-ml\/"},"modified":"2025-11-26T12:47:43","modified_gmt":"2025-11-26T11:47:43","slug":"ren-rosa-centifolia-reinigungsgel-150-ml","status":"publish","type":"product","link":"https:\/\/www.hirtenberg-apotheke.at\/katalog\/produkt\/ren-rosa-centifolia-reinigungsgel-150-ml\/","title":{"rendered":"Ren Rosa Centifolia Reinigungsgel 150 ml"},"content":{"rendered":"<p>Ren Rosa Centifolia Reinigungsgel wurde zur sanften aber dennoch effektiven Reinigung des Gesichtes entwickelt. Das Hautbild wird kristallklar. Infusiert mit Centifolia Rosenbl\u00fcten reduziert das Gel oxidative Sch\u00e4den und t\u00f6nt die Gesichtsmuskeln. Das Gel erhellt das Hautbild und somit sehen Sie noch j\u00fcnger aus.<\/p>\n","protected":false},"excerpt":{"rendered":"<p>Ren Rosa Centifolia Reinigungsgel wurde zur sanften aber dennoch effektiven Reinigung des Gesichtes entwickelt. Das Hautbild wird kristallklar. Infusiert mit Centifolia Rosenbl\u00fcten reduziert das Gel oxidative Sch\u00e4den und t\u00f6nt die Gesichtsmuskeln. Das Gel erhellt das Hautbild und somit sehen Sie noch j\u00fcnger aus.<\/p>\n","protected":false},"featured_media":0,"template":"","meta":{"_acf_changed":false},"product_brand":[],"product_cat":[311],"product_tag":[],"class_list":{"0":"post-48413","1":"product","2":"type-product","3":"status-publish","5":"product_cat-r","6":"pa_packungsgroesse-150ml","8":"first","9":"instock","10":"shipping-taxable","11":"purchasable","12":"product-type-simple"},"acf":[],"_links":{"self":[{"href":"https:\/\/www.hirtenberg-apotheke.at\/katalog\/wp-json\/wp\/v2\/product\/48413","targetHints":{"allow":["GET"]}}],"collection":[{"href":"https:\/\/www.hirtenberg-apotheke.at\/katalog\/wp-json\/wp\/v2\/product"}],"about":[{"href":"https:\/\/www.hirtenberg-apotheke.at\/katalog\/wp-json\/wp\/v2\/types\/product"}],"wp:attachment":[{"href":"https:\/\/www.hirtenberg-apotheke.at\/katalog\/wp-json\/wp\/v2\/media?parent=48413"}],"wp:term":[{"taxonomy":"product_brand","embeddable":true,"href":"https:\/\/www.hirtenberg-apotheke.at\/katalog\/wp-json\/wp\/v2\/product_brand?post=48413"},{"taxonomy":"product_cat","embeddable":true,"href":"https:\/\/www.hirtenberg-apotheke.at\/katalog\/wp-json\/wp\/v2\/product_cat?post=48413"},{"taxonomy":"product_tag","embeddable":true,"href":"https:\/\/www.hirtenberg-apotheke.at\/katalog\/wp-json\/wp\/v2\/product_tag?post=48413"}],"curies":[{"name":"wp","href":"https:\/\/api.w.org\/{rel}","templated":true}]}}