{"id":48453,"date":"2025-11-26T12:48:19","date_gmt":"2025-11-26T11:48:19","guid":{"rendered":"https:\/\/www.hirtenberg-apotheke.at\/katalog\/produkt\/speick-bade-und-duschseife-buttermilch-225-g\/"},"modified":"2025-11-26T12:48:27","modified_gmt":"2025-11-26T11:48:27","slug":"speick-bade-und-duschseife-buttermilch-225-g","status":"publish","type":"product","link":"https:\/\/www.hirtenberg-apotheke.at\/katalog\/produkt\/speick-bade-und-duschseife-buttermilch-225-g\/","title":{"rendered":"Speick Bade- und Duschseife Buttermilch 225 g"},"content":{"rendered":"<p>Die SPEICK Bade- und Duschseife ist durch ihre schonenden Inhaltsstoffe eine besonders milde, hautfreundliche Seife und enth\u00e4lt reines Buttermilchpulver zur Unterst\u00fctzung der Hautpflege auf nat\u00fcrliche Weise.<\/p>\n","protected":false},"excerpt":{"rendered":"<p>Die SPEICK Bade- und Duschseife ist durch ihre schonenden Inhaltsstoffe eine besonders milde, hautfreundliche Seife und enth\u00e4lt reines Buttermilchpulver zur Unterst\u00fctzung der Hautpflege auf nat\u00fcrliche Weise.<\/p>\n","protected":false},"featured_media":0,"template":"","meta":{"_acf_changed":false},"product_brand":[],"product_cat":[303],"product_tag":[],"class_list":{"0":"post-48453","1":"product","2":"type-product","3":"status-publish","5":"product_cat-s","6":"pa_packungsgroesse-225g","8":"first","9":"instock","10":"shipping-taxable","11":"purchasable","12":"product-type-simple"},"acf":[],"_links":{"self":[{"href":"https:\/\/www.hirtenberg-apotheke.at\/katalog\/wp-json\/wp\/v2\/product\/48453","targetHints":{"allow":["GET"]}}],"collection":[{"href":"https:\/\/www.hirtenberg-apotheke.at\/katalog\/wp-json\/wp\/v2\/product"}],"about":[{"href":"https:\/\/www.hirtenberg-apotheke.at\/katalog\/wp-json\/wp\/v2\/types\/product"}],"wp:attachment":[{"href":"https:\/\/www.hirtenberg-apotheke.at\/katalog\/wp-json\/wp\/v2\/media?parent=48453"}],"wp:term":[{"taxonomy":"product_brand","embeddable":true,"href":"https:\/\/www.hirtenberg-apotheke.at\/katalog\/wp-json\/wp\/v2\/product_brand?post=48453"},{"taxonomy":"product_cat","embeddable":true,"href":"https:\/\/www.hirtenberg-apotheke.at\/katalog\/wp-json\/wp\/v2\/product_cat?post=48453"},{"taxonomy":"product_tag","embeddable":true,"href":"https:\/\/www.hirtenberg-apotheke.at\/katalog\/wp-json\/wp\/v2\/product_tag?post=48453"}],"curies":[{"name":"wp","href":"https:\/\/api.w.org\/{rel}","templated":true}]}}