{"id":48503,"date":"2025-11-26T12:49:11","date_gmt":"2025-11-26T11:49:11","guid":{"rendered":"https:\/\/www.hirtenberg-apotheke.at\/katalog\/produkt\/d-mannose-500-mg-kapseln-90-stk\/"},"modified":"2025-11-26T12:49:42","modified_gmt":"2025-11-26T11:49:42","slug":"d-mannose-500-mg-kapseln-90-stk","status":"publish","type":"product","link":"https:\/\/www.hirtenberg-apotheke.at\/katalog\/produkt\/d-mannose-500-mg-kapseln-90-stk\/","title":{"rendered":"D-Mannose 500 mg Kapseln 90 Stk."},"content":{"rendered":"<p>D-Mannose ist ein Einfachzucker, der als weisses Pulver mit einem s\u00fcssen Geschmack vorliegt und in Wasser leicht l\u00f6slich ist. Unser D-Mannose Pulver ist zu 100 % nat\u00fcrlich.<\/p>\n","protected":false},"excerpt":{"rendered":"<p>D-Mannose ist ein Einfachzucker, der als weisses Pulver mit einem s\u00fcssen Geschmack vorliegt und in Wasser leicht l\u00f6slich ist. Unser D-Mannose Pulver ist zu 100 % nat\u00fcrlich.<\/p>\n","protected":false},"featured_media":48505,"template":"","meta":{"_acf_changed":false},"product_brand":[],"product_cat":[295],"product_tag":[],"class_list":{"0":"post-48503","1":"product","2":"type-product","3":"status-publish","4":"has-post-thumbnail","6":"product_cat-d","7":"pa_packungsgroesse-90-stueck","9":"first","10":"instock","11":"shipping-taxable","12":"purchasable","13":"product-type-simple"},"acf":[],"_links":{"self":[{"href":"https:\/\/www.hirtenberg-apotheke.at\/katalog\/wp-json\/wp\/v2\/product\/48503","targetHints":{"allow":["GET"]}}],"collection":[{"href":"https:\/\/www.hirtenberg-apotheke.at\/katalog\/wp-json\/wp\/v2\/product"}],"about":[{"href":"https:\/\/www.hirtenberg-apotheke.at\/katalog\/wp-json\/wp\/v2\/types\/product"}],"wp:featuredmedia":[{"embeddable":true,"href":"https:\/\/www.hirtenberg-apotheke.at\/katalog\/wp-json\/wp\/v2\/media\/48505"}],"wp:attachment":[{"href":"https:\/\/www.hirtenberg-apotheke.at\/katalog\/wp-json\/wp\/v2\/media?parent=48503"}],"wp:term":[{"taxonomy":"product_brand","embeddable":true,"href":"https:\/\/www.hirtenberg-apotheke.at\/katalog\/wp-json\/wp\/v2\/product_brand?post=48503"},{"taxonomy":"product_cat","embeddable":true,"href":"https:\/\/www.hirtenberg-apotheke.at\/katalog\/wp-json\/wp\/v2\/product_cat?post=48503"},{"taxonomy":"product_tag","embeddable":true,"href":"https:\/\/www.hirtenberg-apotheke.at\/katalog\/wp-json\/wp\/v2\/product_tag?post=48503"}],"curies":[{"name":"wp","href":"https:\/\/api.w.org\/{rel}","templated":true}]}}