{"id":48522,"date":"2025-11-26T12:49:47","date_gmt":"2025-11-26T11:49:47","guid":{"rendered":"https:\/\/www.hirtenberg-apotheke.at\/katalog\/produkt\/amitamin-hair-plus-kapseln-60-stk\/"},"modified":"2025-11-26T12:49:56","modified_gmt":"2025-11-26T11:49:56","slug":"amitamin-hair-plus-kapseln-60-stk","status":"publish","type":"product","link":"https:\/\/www.hirtenberg-apotheke.at\/katalog\/produkt\/amitamin-hair-plus-kapseln-60-stk\/","title":{"rendered":"Amitamin Hair Plus Kapseln 60 Stk."},"content":{"rendered":"<p>Amitamin Hair Plus Kapseln werden von Haar-Experten insbesondere bei androgenetischem Haarausfall, einer Form des diffusen Haarausfalls, empfohlen. Sie sind sowohl f\u00fcr Frauen als auch f\u00fcr M\u00e4nner geeignet und empfohlen. Die Haar-Nahrung enth\u00e4lt die bekanntesten, von Haar-Profis empfohlenen Vitalstoffe in optimiert-hoher Dosierung.<\/p>\n","protected":false},"excerpt":{"rendered":"<p>Amitamin Hair Plus Kapseln werden von Haar-Experten insbesondere bei androgenetischem Haarausfall, einer Form des diffusen Haarausfalls, empfohlen. Sie sind sowohl f\u00fcr Frauen als auch f\u00fcr M\u00e4nner geeignet und empfohlen. Die Haar-Nahrung enth\u00e4lt die bekanntesten, von Haar-Profis empfohlenen Vitalstoffe in optimiert-hoher Dosierung.<\/p>\n","protected":false},"featured_media":48524,"template":"","meta":{"_acf_changed":false},"product_brand":[],"product_cat":[299],"product_tag":[],"class_list":{"0":"post-48522","1":"product","2":"type-product","3":"status-publish","4":"has-post-thumbnail","6":"product_cat-a","7":"pa_packungsgroesse-60-stueck","9":"first","10":"instock","11":"shipping-taxable","12":"purchasable","13":"product-type-simple"},"acf":[],"_links":{"self":[{"href":"https:\/\/www.hirtenberg-apotheke.at\/katalog\/wp-json\/wp\/v2\/product\/48522","targetHints":{"allow":["GET"]}}],"collection":[{"href":"https:\/\/www.hirtenberg-apotheke.at\/katalog\/wp-json\/wp\/v2\/product"}],"about":[{"href":"https:\/\/www.hirtenberg-apotheke.at\/katalog\/wp-json\/wp\/v2\/types\/product"}],"wp:featuredmedia":[{"embeddable":true,"href":"https:\/\/www.hirtenberg-apotheke.at\/katalog\/wp-json\/wp\/v2\/media\/48524"}],"wp:attachment":[{"href":"https:\/\/www.hirtenberg-apotheke.at\/katalog\/wp-json\/wp\/v2\/media?parent=48522"}],"wp:term":[{"taxonomy":"product_brand","embeddable":true,"href":"https:\/\/www.hirtenberg-apotheke.at\/katalog\/wp-json\/wp\/v2\/product_brand?post=48522"},{"taxonomy":"product_cat","embeddable":true,"href":"https:\/\/www.hirtenberg-apotheke.at\/katalog\/wp-json\/wp\/v2\/product_cat?post=48522"},{"taxonomy":"product_tag","embeddable":true,"href":"https:\/\/www.hirtenberg-apotheke.at\/katalog\/wp-json\/wp\/v2\/product_tag?post=48522"}],"curies":[{"name":"wp","href":"https:\/\/api.w.org\/{rel}","templated":true}]}}