{"id":48567,"date":"2025-11-26T12:50:39","date_gmt":"2025-11-26T11:50:39","guid":{"rendered":"https:\/\/www.hirtenberg-apotheke.at\/katalog\/produkt\/balanox-kraeuter-balsam-spray-60-ml\/"},"modified":"2025-11-26T12:50:43","modified_gmt":"2025-11-26T11:50:43","slug":"balanox-kraeuter-balsam-spray-60-ml","status":"publish","type":"product","link":"https:\/\/www.hirtenberg-apotheke.at\/katalog\/produkt\/balanox-kraeuter-balsam-spray-60-ml\/","title":{"rendered":"Balanox Kr\u00e4uter Balsam Spray 60 ml"},"content":{"rendered":"<p>Balanox Original Chinesischer Kr\u00e4uterbalsam wird aus wertvollen Kr\u00e4utern gewonnen, die im Fernen Osten seit vielen Generationen genutzt werden: Kadsura Japonica, Seewindrebe. Der Spray wirkt w\u00e4rmend und krampfl\u00f6send, ideal bei Prellungen, f\u00fcr Sehnen, Gelenke, bei R\u00fcckenschmerzen und rheumatischen Schmerzen<\/p>\n","protected":false},"excerpt":{"rendered":"<p>Balanox Original Chinesischer Kr\u00e4uterbalsam wird aus wertvollen Kr\u00e4utern gewonnen, die im Fernen Osten seit vielen Generationen genutzt werden: Kadsura Japonica, Seewindrebe. Der Spray wirkt w\u00e4rmend und krampfl\u00f6send, ideal bei Prellungen, f\u00fcr Sehnen, Gelenke, bei R\u00fcckenschmerzen und rheumatischen Schmerzen<\/p>\n","protected":false},"featured_media":48569,"template":"","meta":{"_acf_changed":false},"product_brand":[],"product_cat":[292],"product_tag":[],"class_list":{"0":"post-48567","1":"product","2":"type-product","3":"status-publish","4":"has-post-thumbnail","6":"product_cat-b","7":"pa_packungsgroesse-1-stueck","9":"first","10":"instock","11":"shipping-taxable","12":"purchasable","13":"product-type-simple"},"acf":[],"_links":{"self":[{"href":"https:\/\/www.hirtenberg-apotheke.at\/katalog\/wp-json\/wp\/v2\/product\/48567","targetHints":{"allow":["GET"]}}],"collection":[{"href":"https:\/\/www.hirtenberg-apotheke.at\/katalog\/wp-json\/wp\/v2\/product"}],"about":[{"href":"https:\/\/www.hirtenberg-apotheke.at\/katalog\/wp-json\/wp\/v2\/types\/product"}],"wp:featuredmedia":[{"embeddable":true,"href":"https:\/\/www.hirtenberg-apotheke.at\/katalog\/wp-json\/wp\/v2\/media\/48569"}],"wp:attachment":[{"href":"https:\/\/www.hirtenberg-apotheke.at\/katalog\/wp-json\/wp\/v2\/media?parent=48567"}],"wp:term":[{"taxonomy":"product_brand","embeddable":true,"href":"https:\/\/www.hirtenberg-apotheke.at\/katalog\/wp-json\/wp\/v2\/product_brand?post=48567"},{"taxonomy":"product_cat","embeddable":true,"href":"https:\/\/www.hirtenberg-apotheke.at\/katalog\/wp-json\/wp\/v2\/product_cat?post=48567"},{"taxonomy":"product_tag","embeddable":true,"href":"https:\/\/www.hirtenberg-apotheke.at\/katalog\/wp-json\/wp\/v2\/product_tag?post=48567"}],"curies":[{"name":"wp","href":"https:\/\/api.w.org\/{rel}","templated":true}]}}