{"id":48581,"date":"2025-11-26T12:50:51","date_gmt":"2025-11-26T11:50:51","guid":{"rendered":"https:\/\/www.hirtenberg-apotheke.at\/katalog\/produkt\/chaga-pulver-145-g\/"},"modified":"2025-11-26T12:51:09","modified_gmt":"2025-11-26T11:51:09","slug":"chaga-pulver-145-g","status":"publish","type":"product","link":"https:\/\/www.hirtenberg-apotheke.at\/katalog\/produkt\/chaga-pulver-145-g\/","title":{"rendered":"Chaga Pulver 145 g"},"content":{"rendered":"<p>Chaga Pulver ist ein hochwertiges Monopulver, welches eine sehr wichtige Mineralstoffkombination enth\u00e4lt. Magnesium, Kalium und Kupfer sorgen daf\u00fcr, dass unser Blut reibungslos in unserem K\u00f6rper zirkulieren kann<\/p>\n","protected":false},"excerpt":{"rendered":"<p>Chaga Pulver ist ein hochwertiges Monopulver, welches eine sehr wichtige Mineralstoffkombination enth\u00e4lt. Magnesium, Kalium und Kupfer sorgen daf\u00fcr, dass unser Blut reibungslos in unserem K\u00f6rper zirkulieren kann<\/p>\n","protected":false},"featured_media":48583,"template":"","meta":{"_acf_changed":false},"product_brand":[],"product_cat":[337],"product_tag":[],"class_list":{"0":"post-48581","1":"product","2":"type-product","3":"status-publish","4":"has-post-thumbnail","6":"product_cat-c","7":"pa_packungsgroesse-145g","9":"first","10":"instock","11":"shipping-taxable","12":"purchasable","13":"product-type-simple"},"acf":[],"_links":{"self":[{"href":"https:\/\/www.hirtenberg-apotheke.at\/katalog\/wp-json\/wp\/v2\/product\/48581","targetHints":{"allow":["GET"]}}],"collection":[{"href":"https:\/\/www.hirtenberg-apotheke.at\/katalog\/wp-json\/wp\/v2\/product"}],"about":[{"href":"https:\/\/www.hirtenberg-apotheke.at\/katalog\/wp-json\/wp\/v2\/types\/product"}],"wp:featuredmedia":[{"embeddable":true,"href":"https:\/\/www.hirtenberg-apotheke.at\/katalog\/wp-json\/wp\/v2\/media\/48583"}],"wp:attachment":[{"href":"https:\/\/www.hirtenberg-apotheke.at\/katalog\/wp-json\/wp\/v2\/media?parent=48581"}],"wp:term":[{"taxonomy":"product_brand","embeddable":true,"href":"https:\/\/www.hirtenberg-apotheke.at\/katalog\/wp-json\/wp\/v2\/product_brand?post=48581"},{"taxonomy":"product_cat","embeddable":true,"href":"https:\/\/www.hirtenberg-apotheke.at\/katalog\/wp-json\/wp\/v2\/product_cat?post=48581"},{"taxonomy":"product_tag","embeddable":true,"href":"https:\/\/www.hirtenberg-apotheke.at\/katalog\/wp-json\/wp\/v2\/product_tag?post=48581"}],"curies":[{"name":"wp","href":"https:\/\/api.w.org\/{rel}","templated":true}]}}