{"id":48640,"date":"2025-11-26T12:52:00","date_gmt":"2025-11-26T11:52:00","guid":{"rendered":"https:\/\/www.hirtenberg-apotheke.at\/katalog\/produkt\/curea-p1-wundauflage-25-stk-10-x-10-cm\/"},"modified":"2025-11-26T12:52:10","modified_gmt":"2025-11-26T11:52:10","slug":"curea-p1-wundauflage-25-stk-10-x-10-cm","status":"publish","type":"product","link":"https:\/\/www.hirtenberg-apotheke.at\/katalog\/produkt\/curea-p1-wundauflage-25-stk-10-x-10-cm\/","title":{"rendered":"Curea P1 Wundauflage  25 Stk. 10 x 10 cm"},"content":{"rendered":"<p>Curea P1 Wundauflage wurde speziell f\u00fcr die Anwendung in der ersten Phase des Wundheilungsverlaufs (Exsudationsphase) entwickelt. Die Auflage zeichnet sich durch hohe Absorptionsf\u00e4higkeit und -geschwindigkeit auch unter Kompression aus. Au\u00dferdem \u00fcberzeugt sie durch hohe Flexibilit\u00e4t und starke Geruchsbindung.<\/p>\n","protected":false},"excerpt":{"rendered":"<p>Curea P1 Wundauflage wurde speziell f\u00fcr die Anwendung in der ersten Phase des Wundheilungsverlaufs (Exsudationsphase) entwickelt. Die Auflage zeichnet sich durch hohe Absorptionsf\u00e4higkeit und -geschwindigkeit auch unter Kompression aus. Au\u00dferdem \u00fcberzeugt sie durch hohe Flexibilit\u00e4t und starke Geruchsbindung.<\/p>\n","protected":false},"featured_media":0,"template":"","meta":{"_acf_changed":false},"product_brand":[],"product_cat":[337],"product_tag":[],"class_list":{"0":"post-48640","1":"product","2":"type-product","3":"status-publish","5":"product_cat-c","6":"pa_packungsgroesse-25-stueck","8":"first","9":"instock","10":"shipping-taxable","11":"purchasable","12":"product-type-simple"},"acf":[],"_links":{"self":[{"href":"https:\/\/www.hirtenberg-apotheke.at\/katalog\/wp-json\/wp\/v2\/product\/48640","targetHints":{"allow":["GET"]}}],"collection":[{"href":"https:\/\/www.hirtenberg-apotheke.at\/katalog\/wp-json\/wp\/v2\/product"}],"about":[{"href":"https:\/\/www.hirtenberg-apotheke.at\/katalog\/wp-json\/wp\/v2\/types\/product"}],"wp:attachment":[{"href":"https:\/\/www.hirtenberg-apotheke.at\/katalog\/wp-json\/wp\/v2\/media?parent=48640"}],"wp:term":[{"taxonomy":"product_brand","embeddable":true,"href":"https:\/\/www.hirtenberg-apotheke.at\/katalog\/wp-json\/wp\/v2\/product_brand?post=48640"},{"taxonomy":"product_cat","embeddable":true,"href":"https:\/\/www.hirtenberg-apotheke.at\/katalog\/wp-json\/wp\/v2\/product_cat?post=48640"},{"taxonomy":"product_tag","embeddable":true,"href":"https:\/\/www.hirtenberg-apotheke.at\/katalog\/wp-json\/wp\/v2\/product_tag?post=48640"}],"curies":[{"name":"wp","href":"https:\/\/api.w.org\/{rel}","templated":true}]}}