{"id":48651,"date":"2025-11-26T12:52:09","date_gmt":"2025-11-26T11:52:09","guid":{"rendered":"https:\/\/www.hirtenberg-apotheke.at\/katalog\/produkt\/schaer-mix-b-brotmehl-mischung-1-kg\/"},"modified":"2025-11-26T12:52:24","modified_gmt":"2025-11-26T11:52:24","slug":"schaer-mix-b-brotmehl-mischung-1-kg","status":"publish","type":"product","link":"https:\/\/www.hirtenberg-apotheke.at\/katalog\/produkt\/schaer-mix-b-brotmehl-mischung-1-kg\/","title":{"rendered":"Sch\u00e4r Mix B Brotmehl Mischung 1 kg"},"content":{"rendered":"<p>Sch\u00e4r Brot Mix B glutenfrei ist f\u00fcr alle Hefeteige geeignet und enth\u00e4lt keine geh\u00e4rteten Fette. Zudem ist die Mischung laktose-, gluten- und weizenfrei. Auf Farb- und Konservierungsstoffe wird au\u00dferdem verzichtet..<\/p>\n","protected":false},"excerpt":{"rendered":"<p>Sch\u00e4r Brot Mix B glutenfrei ist f\u00fcr alle Hefeteige geeignet und enth\u00e4lt keine geh\u00e4rteten Fette. Zudem ist die Mischung laktose-, gluten- und weizenfrei. Auf Farb- und Konservierungsstoffe wird au\u00dferdem verzichtet..<\/p>\n","protected":false},"featured_media":0,"template":"","meta":{"_acf_changed":false},"product_brand":[],"product_cat":[303],"product_tag":[],"class_list":{"0":"post-48651","1":"product","2":"type-product","3":"status-publish","5":"product_cat-s","6":"pa_packungsgroesse-1kg","8":"first","9":"instock","10":"shipping-taxable","11":"purchasable","12":"product-type-simple"},"acf":[],"_links":{"self":[{"href":"https:\/\/www.hirtenberg-apotheke.at\/katalog\/wp-json\/wp\/v2\/product\/48651","targetHints":{"allow":["GET"]}}],"collection":[{"href":"https:\/\/www.hirtenberg-apotheke.at\/katalog\/wp-json\/wp\/v2\/product"}],"about":[{"href":"https:\/\/www.hirtenberg-apotheke.at\/katalog\/wp-json\/wp\/v2\/types\/product"}],"wp:attachment":[{"href":"https:\/\/www.hirtenberg-apotheke.at\/katalog\/wp-json\/wp\/v2\/media?parent=48651"}],"wp:term":[{"taxonomy":"product_brand","embeddable":true,"href":"https:\/\/www.hirtenberg-apotheke.at\/katalog\/wp-json\/wp\/v2\/product_brand?post=48651"},{"taxonomy":"product_cat","embeddable":true,"href":"https:\/\/www.hirtenberg-apotheke.at\/katalog\/wp-json\/wp\/v2\/product_cat?post=48651"},{"taxonomy":"product_tag","embeddable":true,"href":"https:\/\/www.hirtenberg-apotheke.at\/katalog\/wp-json\/wp\/v2\/product_tag?post=48651"}],"curies":[{"name":"wp","href":"https:\/\/api.w.org\/{rel}","templated":true}]}}