{"id":48835,"date":"2025-11-26T12:56:02","date_gmt":"2025-11-26T11:56:02","guid":{"rendered":"https:\/\/www.hirtenberg-apotheke.at\/katalog\/produkt\/hairwonder-colour-care-100-ml-medium-brown-4\/"},"modified":"2025-11-26T12:56:25","modified_gmt":"2025-11-26T11:56:25","slug":"hairwonder-colour-care-100-ml-medium-brown-4","status":"publish","type":"product","link":"https:\/\/www.hirtenberg-apotheke.at\/katalog\/produkt\/hairwonder-colour-care-100-ml-medium-brown-4\/","title":{"rendered":"Hairwonder Colour &#038; Care 100 ml Medium Brown 4"},"content":{"rendered":"<p>Hairwonder Colour &#038; Care ist eine dauerhafte, ammonjakfreie Coloration, die das Haar in einer einzigen Behandlung intensiv f\u00e4rbt, sch\u00fctzt, pflegt und st\u00e4rkt. 9 zertifizierte biologische Inhaltsstoffe sch\u00fctzen die Haarstruktur, pflegen das Haar optimal und verleihen ihm brillanten Glanz. Dieses Produkt erhalten Sie in den Farbt\u00f6nen Medium Gold, Dark Blond, Light Brown, Medium Brown, Auburn und Dark Brown.<\/p>\n","protected":false},"excerpt":{"rendered":"<p>Hairwonder Colour &#038; Care ist eine dauerhafte, ammonjakfreie Coloration, die das Haar in einer einzigen Behandlung intensiv f\u00e4rbt, sch\u00fctzt, pflegt und st\u00e4rkt. 9 zertifizierte biologische Inhaltsstoffe sch\u00fctzen die Haarstruktur, pflegen das Haar optimal und verleihen ihm brillanten Glanz. Dieses Produkt erhalten Sie in den Farbt\u00f6nen Medium Gold, Dark Blond, Light Brown, Medium Brown, Auburn und [&hellip;]<\/p>\n","protected":false},"featured_media":48837,"template":"","meta":{"_acf_changed":false},"product_brand":[],"product_cat":[330],"product_tag":[],"class_list":{"0":"post-48835","1":"product","2":"type-product","3":"status-publish","4":"has-post-thumbnail","6":"product_cat-h","7":"pa_packungsgroesse-100ml","9":"first","10":"instock","11":"shipping-taxable","12":"purchasable","13":"product-type-simple"},"acf":[],"_links":{"self":[{"href":"https:\/\/www.hirtenberg-apotheke.at\/katalog\/wp-json\/wp\/v2\/product\/48835","targetHints":{"allow":["GET"]}}],"collection":[{"href":"https:\/\/www.hirtenberg-apotheke.at\/katalog\/wp-json\/wp\/v2\/product"}],"about":[{"href":"https:\/\/www.hirtenberg-apotheke.at\/katalog\/wp-json\/wp\/v2\/types\/product"}],"wp:featuredmedia":[{"embeddable":true,"href":"https:\/\/www.hirtenberg-apotheke.at\/katalog\/wp-json\/wp\/v2\/media\/48837"}],"wp:attachment":[{"href":"https:\/\/www.hirtenberg-apotheke.at\/katalog\/wp-json\/wp\/v2\/media?parent=48835"}],"wp:term":[{"taxonomy":"product_brand","embeddable":true,"href":"https:\/\/www.hirtenberg-apotheke.at\/katalog\/wp-json\/wp\/v2\/product_brand?post=48835"},{"taxonomy":"product_cat","embeddable":true,"href":"https:\/\/www.hirtenberg-apotheke.at\/katalog\/wp-json\/wp\/v2\/product_cat?post=48835"},{"taxonomy":"product_tag","embeddable":true,"href":"https:\/\/www.hirtenberg-apotheke.at\/katalog\/wp-json\/wp\/v2\/product_tag?post=48835"}],"curies":[{"name":"wp","href":"https:\/\/api.w.org\/{rel}","templated":true}]}}