{"id":48842,"date":"2025-11-26T12:56:25","date_gmt":"2025-11-26T11:56:25","guid":{"rendered":"https:\/\/www.hirtenberg-apotheke.at\/katalog\/produkt\/bios-yamswurzel-kapseln\/"},"modified":"2025-11-26T12:56:35","modified_gmt":"2025-11-26T11:56:35","slug":"bios-yamswurzel-kapseln","status":"publish","type":"product","link":"https:\/\/www.hirtenberg-apotheke.at\/katalog\/produkt\/bios-yamswurzel-kapseln\/","title":{"rendered":"Bios Yamswurzel Kapseln"},"content":{"rendered":"<p>Bios Yamswurzel Kapseln enthalten 500 mg Yamswurzelextrakt in einer Hartgelatinekapsel. Die Kapseln sind ein hochwertiges Vitalpr\u00e4parat mit ausschlie\u00dflich 100 % nat\u00fcrlichen Rohstoffen. Bei der Herstellung werden keinerlei synthetische Substanzen und Hilfsstoffe verwendet.<\/p>\n","protected":false},"excerpt":{"rendered":"<p>Bios Yamswurzel Kapseln enthalten 500 mg Yamswurzelextrakt in einer Hartgelatinekapsel. Die Kapseln sind ein hochwertiges Vitalpr\u00e4parat mit ausschlie\u00dflich 100 % nat\u00fcrlichen Rohstoffen. Bei der Herstellung werden keinerlei synthetische Substanzen und Hilfsstoffe verwendet.<\/p>\n","protected":false},"featured_media":0,"template":"","meta":{"_acf_changed":false},"product_brand":[],"product_cat":[292],"product_tag":[],"class_list":{"0":"post-48842","1":"product","2":"type-product","3":"status-publish","5":"product_cat-b","6":"pa_packungsgroesse-100-stueck","8":"first","9":"instock","10":"shipping-taxable","11":"purchasable","12":"product-type-simple"},"acf":[],"_links":{"self":[{"href":"https:\/\/www.hirtenberg-apotheke.at\/katalog\/wp-json\/wp\/v2\/product\/48842","targetHints":{"allow":["GET"]}}],"collection":[{"href":"https:\/\/www.hirtenberg-apotheke.at\/katalog\/wp-json\/wp\/v2\/product"}],"about":[{"href":"https:\/\/www.hirtenberg-apotheke.at\/katalog\/wp-json\/wp\/v2\/types\/product"}],"wp:attachment":[{"href":"https:\/\/www.hirtenberg-apotheke.at\/katalog\/wp-json\/wp\/v2\/media?parent=48842"}],"wp:term":[{"taxonomy":"product_brand","embeddable":true,"href":"https:\/\/www.hirtenberg-apotheke.at\/katalog\/wp-json\/wp\/v2\/product_brand?post=48842"},{"taxonomy":"product_cat","embeddable":true,"href":"https:\/\/www.hirtenberg-apotheke.at\/katalog\/wp-json\/wp\/v2\/product_cat?post=48842"},{"taxonomy":"product_tag","embeddable":true,"href":"https:\/\/www.hirtenberg-apotheke.at\/katalog\/wp-json\/wp\/v2\/product_tag?post=48842"}],"curies":[{"name":"wp","href":"https:\/\/api.w.org\/{rel}","templated":true}]}}