{"id":48969,"date":"2025-11-26T12:59:26","date_gmt":"2025-11-26T11:59:26","guid":{"rendered":"https:\/\/www.hirtenberg-apotheke.at\/katalog\/produkt\/easymed-erste-hilfe-autoapotheke-weichpackung-1-stk\/"},"modified":"2025-11-26T12:59:29","modified_gmt":"2025-11-26T11:59:29","slug":"easymed-erste-hilfe-autoapotheke-weichpackung-1-stk","status":"publish","type":"product","link":"https:\/\/www.hirtenberg-apotheke.at\/katalog\/produkt\/easymed-erste-hilfe-autoapotheke-weichpackung-1-stk\/","title":{"rendered":"Easymed Erste-Hilfe Autoapotheke Weichpackung  1 Stk."},"content":{"rendered":"<p>Easymed Erste-Hilfe Autoapotheke Weichpackung ist entsprechend den Vorgaben der \u00d6NORM V5101 f\u00fcr mehrspurige KFZ gestaltet und staubdicht verpackt. Das Nachf\u00fcllset zeichnet sich durch die qualitativ hochwertige Best\u00fcckung aus.<\/p>\n","protected":false},"excerpt":{"rendered":"<p>Easymed Erste-Hilfe Autoapotheke Weichpackung ist entsprechend den Vorgaben der \u00d6NORM V5101 f\u00fcr mehrspurige KFZ gestaltet und staubdicht verpackt. Das Nachf\u00fcllset zeichnet sich durch die qualitativ hochwertige Best\u00fcckung aus.<\/p>\n","protected":false},"featured_media":0,"template":"","meta":{"_acf_changed":false},"product_brand":[],"product_cat":[307],"product_tag":[],"class_list":{"0":"post-48969","1":"product","2":"type-product","3":"status-publish","5":"product_cat-e","6":"pa_packungsgroesse-1-stueck","8":"first","9":"instock","10":"shipping-taxable","11":"purchasable","12":"product-type-simple"},"acf":[],"_links":{"self":[{"href":"https:\/\/www.hirtenberg-apotheke.at\/katalog\/wp-json\/wp\/v2\/product\/48969","targetHints":{"allow":["GET"]}}],"collection":[{"href":"https:\/\/www.hirtenberg-apotheke.at\/katalog\/wp-json\/wp\/v2\/product"}],"about":[{"href":"https:\/\/www.hirtenberg-apotheke.at\/katalog\/wp-json\/wp\/v2\/types\/product"}],"wp:attachment":[{"href":"https:\/\/www.hirtenberg-apotheke.at\/katalog\/wp-json\/wp\/v2\/media?parent=48969"}],"wp:term":[{"taxonomy":"product_brand","embeddable":true,"href":"https:\/\/www.hirtenberg-apotheke.at\/katalog\/wp-json\/wp\/v2\/product_brand?post=48969"},{"taxonomy":"product_cat","embeddable":true,"href":"https:\/\/www.hirtenberg-apotheke.at\/katalog\/wp-json\/wp\/v2\/product_cat?post=48969"},{"taxonomy":"product_tag","embeddable":true,"href":"https:\/\/www.hirtenberg-apotheke.at\/katalog\/wp-json\/wp\/v2\/product_tag?post=48969"}],"curies":[{"name":"wp","href":"https:\/\/api.w.org\/{rel}","templated":true}]}}