{"id":49026,"date":"2025-11-26T13:00:51","date_gmt":"2025-11-26T12:00:51","guid":{"rendered":"https:\/\/www.hirtenberg-apotheke.at\/katalog\/produkt\/basica-compact-50g-tabletten\/"},"modified":"2025-11-26T13:01:08","modified_gmt":"2025-11-26T12:01:08","slug":"basica-compact-50g-tabletten","status":"publish","type":"product","link":"https:\/\/www.hirtenberg-apotheke.at\/katalog\/produkt\/basica-compact-50g-tabletten\/","title":{"rendered":"Basica compact 50g Tabletten"},"content":{"rendered":"<p>Basica Compact 50 g Tabletten 360 Stk. f\u00fcr einen ausgeglichenen S\u00e4ure-Basen-Haushalt. Basica Compact sorgt f\u00fcr k\u00f6rperliches und seelischen Wohlbefinden, st\u00e4rkt die Widerstandskraft und f\u00f6rdert die Leistungsf\u00e4higkeit.<\/p>\n","protected":false},"excerpt":{"rendered":"<p>Basica Compact 50 g Tabletten 360 Stk. f\u00fcr einen ausgeglichenen S\u00e4ure-Basen-Haushalt. Basica Compact sorgt f\u00fcr k\u00f6rperliches und seelischen Wohlbefinden, st\u00e4rkt die Widerstandskraft und f\u00f6rdert die Leistungsf\u00e4higkeit.<\/p>\n","protected":false},"featured_media":49028,"template":"","meta":{"_acf_changed":false},"product_brand":[1063],"product_cat":[292],"product_tag":[],"class_list":{"0":"post-49026","1":"product","2":"type-product","3":"status-publish","4":"has-post-thumbnail","6":"product_brand-basica","7":"product_cat-b","8":"pa_packungsgroesse-360-stueck","10":"first","11":"instock","12":"shipping-taxable","13":"purchasable","14":"product-type-simple"},"acf":[],"_links":{"self":[{"href":"https:\/\/www.hirtenberg-apotheke.at\/katalog\/wp-json\/wp\/v2\/product\/49026","targetHints":{"allow":["GET"]}}],"collection":[{"href":"https:\/\/www.hirtenberg-apotheke.at\/katalog\/wp-json\/wp\/v2\/product"}],"about":[{"href":"https:\/\/www.hirtenberg-apotheke.at\/katalog\/wp-json\/wp\/v2\/types\/product"}],"wp:featuredmedia":[{"embeddable":true,"href":"https:\/\/www.hirtenberg-apotheke.at\/katalog\/wp-json\/wp\/v2\/media\/49028"}],"wp:attachment":[{"href":"https:\/\/www.hirtenberg-apotheke.at\/katalog\/wp-json\/wp\/v2\/media?parent=49026"}],"wp:term":[{"taxonomy":"product_brand","embeddable":true,"href":"https:\/\/www.hirtenberg-apotheke.at\/katalog\/wp-json\/wp\/v2\/product_brand?post=49026"},{"taxonomy":"product_cat","embeddable":true,"href":"https:\/\/www.hirtenberg-apotheke.at\/katalog\/wp-json\/wp\/v2\/product_cat?post=49026"},{"taxonomy":"product_tag","embeddable":true,"href":"https:\/\/www.hirtenberg-apotheke.at\/katalog\/wp-json\/wp\/v2\/product_tag?post=49026"}],"curies":[{"name":"wp","href":"https:\/\/api.w.org\/{rel}","templated":true}]}}