{"id":49162,"date":"2025-11-26T13:03:33","date_gmt":"2025-11-26T12:03:33","guid":{"rendered":"https:\/\/www.hirtenberg-apotheke.at\/katalog\/produkt\/weleda-zarter-reinigungsschaum-150-ml\/"},"modified":"2025-11-26T13:03:50","modified_gmt":"2025-11-26T12:03:50","slug":"weleda-zarter-reinigungsschaum-150-ml","status":"publish","type":"product","link":"https:\/\/www.hirtenberg-apotheke.at\/katalog\/produkt\/weleda-zarter-reinigungsschaum-150-ml\/","title":{"rendered":"Weleda Zarter Reinigungsschaum 150 ml"},"content":{"rendered":"<p>Weleda Zarter Reinigungsschaum reinigt die Gesichtshaut porentief, befreit von Make-up und \u00dcbersch\u00fcssigem Hautfett und erh\u00e4lt die nat\u00fcrliche Feuchtigkeitsbalance der Haut. Die Rezeptur mit Bio-Hamamelis erfrischt die Haut und bereitet sie optimal auf die anschlie\u00dfende Pflege vor<\/p>\n","protected":false},"excerpt":{"rendered":"<p>Weleda Zarter Reinigungsschaum reinigt die Gesichtshaut porentief, befreit von Make-up und \u00dcbersch\u00fcssigem Hautfett und erh\u00e4lt die nat\u00fcrliche Feuchtigkeitsbalance der Haut. Die Rezeptur mit Bio-Hamamelis erfrischt die Haut und bereitet sie optimal auf die anschlie\u00dfende Pflege vor<\/p>\n","protected":false},"featured_media":0,"template":"","meta":{"_acf_changed":false},"product_brand":[554],"product_cat":[368],"product_tag":[],"class_list":{"0":"post-49162","1":"product","2":"type-product","3":"status-publish","5":"product_brand-weleda","6":"product_cat-w","7":"pa_packungsgroesse-150ml","9":"first","10":"instock","11":"shipping-taxable","12":"purchasable","13":"product-type-simple"},"acf":[],"_links":{"self":[{"href":"https:\/\/www.hirtenberg-apotheke.at\/katalog\/wp-json\/wp\/v2\/product\/49162","targetHints":{"allow":["GET"]}}],"collection":[{"href":"https:\/\/www.hirtenberg-apotheke.at\/katalog\/wp-json\/wp\/v2\/product"}],"about":[{"href":"https:\/\/www.hirtenberg-apotheke.at\/katalog\/wp-json\/wp\/v2\/types\/product"}],"wp:attachment":[{"href":"https:\/\/www.hirtenberg-apotheke.at\/katalog\/wp-json\/wp\/v2\/media?parent=49162"}],"wp:term":[{"taxonomy":"product_brand","embeddable":true,"href":"https:\/\/www.hirtenberg-apotheke.at\/katalog\/wp-json\/wp\/v2\/product_brand?post=49162"},{"taxonomy":"product_cat","embeddable":true,"href":"https:\/\/www.hirtenberg-apotheke.at\/katalog\/wp-json\/wp\/v2\/product_cat?post=49162"},{"taxonomy":"product_tag","embeddable":true,"href":"https:\/\/www.hirtenberg-apotheke.at\/katalog\/wp-json\/wp\/v2\/product_tag?post=49162"}],"curies":[{"name":"wp","href":"https:\/\/api.w.org\/{rel}","templated":true}]}}