{"id":49271,"date":"2025-11-26T13:06:02","date_gmt":"2025-11-26T12:06:02","guid":{"rendered":"https:\/\/www.hirtenberg-apotheke.at\/katalog\/produkt\/nippes-hornhaut-hobel-72-1-stk\/"},"modified":"2025-11-26T13:06:19","modified_gmt":"2025-11-26T12:06:19","slug":"nippes-hornhaut-hobel-72-1-stk","status":"publish","type":"product","link":"https:\/\/www.hirtenberg-apotheke.at\/katalog\/produkt\/nippes-hornhaut-hobel-72-1-stk\/","title":{"rendered":"Nippes Hornhaut Hobel 72 1 Stk."},"content":{"rendered":"<p>Nippes Hornhaut Hobel 72 ist ein Hobel der Spitzenklasse, der Ihnen zu besonders sch\u00f6nen F\u00fc\u00dfen verhilft. Nat\u00fcrlich ist auch dieses Produkt  so wie alle Produkte von Nippes  aus hochwertigen Materialien und von Hand gefertigt \u2013<\/p>\n","protected":false},"excerpt":{"rendered":"<p>Nippes Hornhaut Hobel 72 ist ein Hobel der Spitzenklasse, der Ihnen zu besonders sch\u00f6nen F\u00fc\u00dfen verhilft. Nat\u00fcrlich ist auch dieses Produkt so wie alle Produkte von Nippes aus hochwertigen Materialien und von Hand gefertigt \u2013<\/p>\n","protected":false},"featured_media":49273,"template":"","meta":{"_acf_changed":false},"product_brand":[684],"product_cat":[310],"product_tag":[],"class_list":{"0":"post-49271","1":"product","2":"type-product","3":"status-publish","4":"has-post-thumbnail","6":"product_brand-nippes","7":"product_cat-n","8":"pa_packungsgroesse-1-stueck","10":"first","11":"instock","12":"shipping-taxable","13":"purchasable","14":"product-type-simple"},"acf":[],"_links":{"self":[{"href":"https:\/\/www.hirtenberg-apotheke.at\/katalog\/wp-json\/wp\/v2\/product\/49271","targetHints":{"allow":["GET"]}}],"collection":[{"href":"https:\/\/www.hirtenberg-apotheke.at\/katalog\/wp-json\/wp\/v2\/product"}],"about":[{"href":"https:\/\/www.hirtenberg-apotheke.at\/katalog\/wp-json\/wp\/v2\/types\/product"}],"wp:featuredmedia":[{"embeddable":true,"href":"https:\/\/www.hirtenberg-apotheke.at\/katalog\/wp-json\/wp\/v2\/media\/49273"}],"wp:attachment":[{"href":"https:\/\/www.hirtenberg-apotheke.at\/katalog\/wp-json\/wp\/v2\/media?parent=49271"}],"wp:term":[{"taxonomy":"product_brand","embeddable":true,"href":"https:\/\/www.hirtenberg-apotheke.at\/katalog\/wp-json\/wp\/v2\/product_brand?post=49271"},{"taxonomy":"product_cat","embeddable":true,"href":"https:\/\/www.hirtenberg-apotheke.at\/katalog\/wp-json\/wp\/v2\/product_cat?post=49271"},{"taxonomy":"product_tag","embeddable":true,"href":"https:\/\/www.hirtenberg-apotheke.at\/katalog\/wp-json\/wp\/v2\/product_tag?post=49271"}],"curies":[{"name":"wp","href":"https:\/\/api.w.org\/{rel}","templated":true}]}}