{"id":49438,"date":"2025-11-26T13:14:29","date_gmt":"2025-11-26T12:14:29","guid":{"rendered":"https:\/\/www.hirtenberg-apotheke.at\/katalog\/produkt\/erste-hilfe-family-box-1-stk\/"},"modified":"2025-11-26T13:15:10","modified_gmt":"2025-11-26T12:15:10","slug":"erste-hilfe-family-box-1-stk","status":"publish","type":"product","link":"https:\/\/www.hirtenberg-apotheke.at\/katalog\/produkt\/erste-hilfe-family-box-1-stk\/","title":{"rendered":"Erste Hilfe Family Box 1 Stk."},"content":{"rendered":"<p>Erste Hilfe Family Box ist die feine Kleine f\u00fcr Wohnung, B\u00fcro oder Spielzimmer. Mit ihren kompakten Ma\u00dfen passt diese robuste, trendige Box in jede Lade und ist immer schnell zur Hand. Der Inhalt ist speziell auf kleine Alltagsverletzungen abgestimmt.<\/p>\n","protected":false},"excerpt":{"rendered":"<p>Erste Hilfe Family Box ist die feine Kleine f\u00fcr Wohnung, B\u00fcro oder Spielzimmer. Mit ihren kompakten Ma\u00dfen passt diese robuste, trendige Box in jede Lade und ist immer schnell zur Hand. Der Inhalt ist speziell auf kleine Alltagsverletzungen abgestimmt.<\/p>\n","protected":false},"featured_media":49440,"template":"","meta":{"_acf_changed":false},"product_brand":[],"product_cat":[307],"product_tag":[],"class_list":{"0":"post-49438","1":"product","2":"type-product","3":"status-publish","4":"has-post-thumbnail","6":"product_cat-e","7":"pa_packungsgroesse-1-stueck","9":"first","10":"instock","11":"shipping-taxable","12":"purchasable","13":"product-type-simple"},"acf":[],"_links":{"self":[{"href":"https:\/\/www.hirtenberg-apotheke.at\/katalog\/wp-json\/wp\/v2\/product\/49438","targetHints":{"allow":["GET"]}}],"collection":[{"href":"https:\/\/www.hirtenberg-apotheke.at\/katalog\/wp-json\/wp\/v2\/product"}],"about":[{"href":"https:\/\/www.hirtenberg-apotheke.at\/katalog\/wp-json\/wp\/v2\/types\/product"}],"wp:featuredmedia":[{"embeddable":true,"href":"https:\/\/www.hirtenberg-apotheke.at\/katalog\/wp-json\/wp\/v2\/media\/49440"}],"wp:attachment":[{"href":"https:\/\/www.hirtenberg-apotheke.at\/katalog\/wp-json\/wp\/v2\/media?parent=49438"}],"wp:term":[{"taxonomy":"product_brand","embeddable":true,"href":"https:\/\/www.hirtenberg-apotheke.at\/katalog\/wp-json\/wp\/v2\/product_brand?post=49438"},{"taxonomy":"product_cat","embeddable":true,"href":"https:\/\/www.hirtenberg-apotheke.at\/katalog\/wp-json\/wp\/v2\/product_cat?post=49438"},{"taxonomy":"product_tag","embeddable":true,"href":"https:\/\/www.hirtenberg-apotheke.at\/katalog\/wp-json\/wp\/v2\/product_tag?post=49438"}],"curies":[{"name":"wp","href":"https:\/\/api.w.org\/{rel}","templated":true}]}}