{"id":49605,"date":"2025-11-26T13:18:12","date_gmt":"2025-11-26T12:18:12","guid":{"rendered":"https:\/\/www.hirtenberg-apotheke.at\/katalog\/produkt\/ladival-akut-beruhigungs-fluid-50-ml\/"},"modified":"2025-11-26T13:18:31","modified_gmt":"2025-11-26T12:18:31","slug":"ladival-akut-beruhigungs-fluid-50-ml","status":"publish","type":"product","link":"https:\/\/www.hirtenberg-apotheke.at\/katalog\/produkt\/ladival-akut-beruhigungs-fluid-50-ml\/","title":{"rendered":"Ladival Akut Beruhigungs-Fluid 50 ml"},"content":{"rendered":"<p>Manchmal geht es ganz schnell: Vor allem im Fr\u00fchjahr und in den ersten Urlaubstagen reagiert die Haut besonders empfindlich auf die Sonnenstrahlung. Unzureichend gesch\u00fctzt kann sich sonnenentw\u00f6hnte Haut dann schnell r\u00f6ten. Ladival\u00ae Akut Beruhigungs-Fluid mit dem Regenerations-Enzym Photolyase lindert sonnenbedingte R\u00f6tungen und unterst\u00fctzt die hauteigene Regeneration. Es nimmt der Haut das Spannungsgef\u00fchl, k\u00fchlt angenehm und spendet Feuchtigkeit &#8211; jetzt alle Produkte von Ladival\u00ae zu g\u00fcnstigen Preisen online bestellen!<\/p>\n","protected":false},"excerpt":{"rendered":"<p>Manchmal geht es ganz schnell: Vor allem im Fr\u00fchjahr und in den ersten Urlaubstagen reagiert die Haut besonders empfindlich auf die Sonnenstrahlung. Unzureichend gesch\u00fctzt kann sich sonnenentw\u00f6hnte Haut dann schnell r\u00f6ten. Ladival\u00ae Akut Beruhigungs-Fluid mit dem Regenerations-Enzym Photolyase lindert sonnenbedingte R\u00f6tungen und unterst\u00fctzt die hauteigene Regeneration. Es nimmt der Haut das Spannungsgef\u00fchl, k\u00fchlt angenehm und [&hellip;]<\/p>\n","protected":false},"featured_media":0,"template":"","meta":{"_acf_changed":false},"product_brand":[1017],"product_cat":[317],"product_tag":[],"class_list":{"0":"post-49605","1":"product","2":"type-product","3":"status-publish","5":"product_brand-ladival","6":"product_cat-l","7":"pa_packungsgroesse-50ml","9":"first","10":"instock","11":"shipping-taxable","12":"purchasable","13":"product-type-simple"},"acf":[],"_links":{"self":[{"href":"https:\/\/www.hirtenberg-apotheke.at\/katalog\/wp-json\/wp\/v2\/product\/49605","targetHints":{"allow":["GET"]}}],"collection":[{"href":"https:\/\/www.hirtenberg-apotheke.at\/katalog\/wp-json\/wp\/v2\/product"}],"about":[{"href":"https:\/\/www.hirtenberg-apotheke.at\/katalog\/wp-json\/wp\/v2\/types\/product"}],"wp:attachment":[{"href":"https:\/\/www.hirtenberg-apotheke.at\/katalog\/wp-json\/wp\/v2\/media?parent=49605"}],"wp:term":[{"taxonomy":"product_brand","embeddable":true,"href":"https:\/\/www.hirtenberg-apotheke.at\/katalog\/wp-json\/wp\/v2\/product_brand?post=49605"},{"taxonomy":"product_cat","embeddable":true,"href":"https:\/\/www.hirtenberg-apotheke.at\/katalog\/wp-json\/wp\/v2\/product_cat?post=49605"},{"taxonomy":"product_tag","embeddable":true,"href":"https:\/\/www.hirtenberg-apotheke.at\/katalog\/wp-json\/wp\/v2\/product_tag?post=49605"}],"curies":[{"name":"wp","href":"https:\/\/api.w.org\/{rel}","templated":true}]}}