{"id":49716,"date":"2025-11-26T13:20:36","date_gmt":"2025-11-26T12:20:36","guid":{"rendered":"https:\/\/www.hirtenberg-apotheke.at\/katalog\/produkt\/life-light-oliven-blatt-elixier-05-l\/"},"modified":"2025-11-26T13:21:13","modified_gmt":"2025-11-26T12:21:13","slug":"life-light-oliven-blatt-elixier-05-l","status":"publish","type":"product","link":"https:\/\/www.hirtenberg-apotheke.at\/katalog\/produkt\/life-light-oliven-blatt-elixier-05-l\/","title":{"rendered":"Life Light Oliven Blatt Elixier 0,5 L"},"content":{"rendered":"<p>Life Light Olivenblatt Elixier ist ein hochwertiges und wohlschmeckendes Elixier mit den wertvollen N\u00e4hrstoffen aus dem ganzen Olivenblatt. Nach einer besonderen Klosterrezeptur aus frischen, handverlesenen Olivenbl\u00e4ttern aus kontrolliert biologischem Anbau schonend zubereitet. F\u00fcr die vegetarische und vegane Ern\u00e4hrungsweise geeignet.<\/p>\n","protected":false},"excerpt":{"rendered":"<p>Life Light Olivenblatt Elixier ist ein hochwertiges und wohlschmeckendes Elixier mit den wertvollen N\u00e4hrstoffen aus dem ganzen Olivenblatt. Nach einer besonderen Klosterrezeptur aus frischen, handverlesenen Olivenbl\u00e4ttern aus kontrolliert biologischem Anbau schonend zubereitet. F\u00fcr die vegetarische und vegane Ern\u00e4hrungsweise geeignet.<\/p>\n","protected":false},"featured_media":49718,"template":"","meta":{"_acf_changed":false},"product_brand":[],"product_cat":[317],"product_tag":[],"class_list":{"0":"post-49716","1":"product","2":"type-product","3":"status-publish","4":"has-post-thumbnail","6":"product_cat-l","7":"pa_packungsgroesse-1-stueck","9":"first","10":"instock","11":"shipping-taxable","12":"purchasable","13":"product-type-simple"},"acf":[],"_links":{"self":[{"href":"https:\/\/www.hirtenberg-apotheke.at\/katalog\/wp-json\/wp\/v2\/product\/49716","targetHints":{"allow":["GET"]}}],"collection":[{"href":"https:\/\/www.hirtenberg-apotheke.at\/katalog\/wp-json\/wp\/v2\/product"}],"about":[{"href":"https:\/\/www.hirtenberg-apotheke.at\/katalog\/wp-json\/wp\/v2\/types\/product"}],"wp:featuredmedia":[{"embeddable":true,"href":"https:\/\/www.hirtenberg-apotheke.at\/katalog\/wp-json\/wp\/v2\/media\/49718"}],"wp:attachment":[{"href":"https:\/\/www.hirtenberg-apotheke.at\/katalog\/wp-json\/wp\/v2\/media?parent=49716"}],"wp:term":[{"taxonomy":"product_brand","embeddable":true,"href":"https:\/\/www.hirtenberg-apotheke.at\/katalog\/wp-json\/wp\/v2\/product_brand?post=49716"},{"taxonomy":"product_cat","embeddable":true,"href":"https:\/\/www.hirtenberg-apotheke.at\/katalog\/wp-json\/wp\/v2\/product_cat?post=49716"},{"taxonomy":"product_tag","embeddable":true,"href":"https:\/\/www.hirtenberg-apotheke.at\/katalog\/wp-json\/wp\/v2\/product_tag?post=49716"}],"curies":[{"name":"wp","href":"https:\/\/api.w.org\/{rel}","templated":true}]}}