{"id":49797,"date":"2025-11-26T13:22:33","date_gmt":"2025-11-26T12:22:33","guid":{"rendered":"https:\/\/www.hirtenberg-apotheke.at\/katalog\/produkt\/fangocur-mineral-creme-30-ml-nr-4\/"},"modified":"2025-11-26T13:22:48","modified_gmt":"2025-11-26T12:22:48","slug":"fangocur-mineral-creme-30-ml-nr-4","status":"publish","type":"product","link":"https:\/\/www.hirtenberg-apotheke.at\/katalog\/produkt\/fangocur-mineral-creme-30-ml-nr-4\/","title":{"rendered":"Fangocur Mineral Creme 30 ml Nr. 4"},"content":{"rendered":"<p>Fangocur Mineral Creme f\u00fchrt der Haut ausreichend Feuchtigkeit zu, wirkt ausgleichend, regenerierend und bek\u00e4mpft entz\u00fcndliche Prozesse<\/p>\n","protected":false},"excerpt":{"rendered":"<p>Fangocur Mineral Creme f\u00fchrt der Haut ausreichend Feuchtigkeit zu, wirkt ausgleichend, regenerierend und bek\u00e4mpft entz\u00fcndliche Prozesse<\/p>\n","protected":false},"featured_media":0,"template":"","meta":{"_acf_changed":false},"product_brand":[],"product_cat":[322],"product_tag":[],"class_list":{"0":"post-49797","1":"product","2":"type-product","3":"status-publish","5":"product_cat-f","6":"pa_packungsgroesse-30ml","8":"first","9":"instock","10":"shipping-taxable","11":"purchasable","12":"product-type-simple"},"acf":[],"_links":{"self":[{"href":"https:\/\/www.hirtenberg-apotheke.at\/katalog\/wp-json\/wp\/v2\/product\/49797","targetHints":{"allow":["GET"]}}],"collection":[{"href":"https:\/\/www.hirtenberg-apotheke.at\/katalog\/wp-json\/wp\/v2\/product"}],"about":[{"href":"https:\/\/www.hirtenberg-apotheke.at\/katalog\/wp-json\/wp\/v2\/types\/product"}],"wp:attachment":[{"href":"https:\/\/www.hirtenberg-apotheke.at\/katalog\/wp-json\/wp\/v2\/media?parent=49797"}],"wp:term":[{"taxonomy":"product_brand","embeddable":true,"href":"https:\/\/www.hirtenberg-apotheke.at\/katalog\/wp-json\/wp\/v2\/product_brand?post=49797"},{"taxonomy":"product_cat","embeddable":true,"href":"https:\/\/www.hirtenberg-apotheke.at\/katalog\/wp-json\/wp\/v2\/product_cat?post=49797"},{"taxonomy":"product_tag","embeddable":true,"href":"https:\/\/www.hirtenberg-apotheke.at\/katalog\/wp-json\/wp\/v2\/product_tag?post=49797"}],"curies":[{"name":"wp","href":"https:\/\/api.w.org\/{rel}","templated":true}]}}