{"id":49867,"date":"2025-11-26T13:24:14","date_gmt":"2025-11-26T12:24:14","guid":{"rendered":"https:\/\/www.hirtenberg-apotheke.at\/katalog\/produkt\/elastische-binde-nobaheban-blau-45-m-x-5-cm-1-stk\/"},"modified":"2025-11-26T13:24:19","modified_gmt":"2025-11-26T12:24:19","slug":"elastische-binde-nobaheban-blau-45-m-x-5-cm-1-stk","status":"publish","type":"product","link":"https:\/\/www.hirtenberg-apotheke.at\/katalog\/produkt\/elastische-binde-nobaheban-blau-45-m-x-5-cm-1-stk\/","title":{"rendered":"Elastische Binde Nobaheban Blau 4,5 m x 5 cm 1 Stk."},"content":{"rendered":"<p>NOBAHEBAN koh\u00e4sive Kompressionsbinde blau 4,5m x 5cm besteht aus Vliesstoff, in den elastische F\u00e4den eingearbeitet sind. Sie eignet sich besonders f\u00fcr Verb\u00e4nde, bei denen eine hohe Kompression ausge\u00fcbt werden soll. So wird sie nach der Dialyse \u00fcber den mit einer Kompresse oder einem Tupfer abgedeckten Shunt zur Blutstillung angelegt. Auch nach Gelenkpunktionen (z.B. am Kniegelenk) kann nach dem Abpunktieren der Fl\u00fcssigkeit aus dem Gelenk kurzzeitig ein Kompressionsverband mit der NOBAHEBAN angelegt werden..<\/p>\n","protected":false},"excerpt":{"rendered":"<p>NOBAHEBAN koh\u00e4sive Kompressionsbinde blau 4,5m x 5cm besteht aus Vliesstoff, in den elastische F\u00e4den eingearbeitet sind. Sie eignet sich besonders f\u00fcr Verb\u00e4nde, bei denen eine hohe Kompression ausge\u00fcbt werden soll. So wird sie nach der Dialyse \u00fcber den mit einer Kompresse oder einem Tupfer abgedeckten Shunt zur Blutstillung angelegt. Auch nach Gelenkpunktionen (z.B. am Kniegelenk) [&hellip;]<\/p>\n","protected":false},"featured_media":49869,"template":"","meta":{"_acf_changed":false},"product_brand":[],"product_cat":[307],"product_tag":[],"class_list":{"0":"post-49867","1":"product","2":"type-product","3":"status-publish","4":"has-post-thumbnail","6":"product_cat-e","7":"pa_packungsgroesse-1-stueck","9":"first","10":"instock","11":"shipping-taxable","12":"purchasable","13":"product-type-simple"},"acf":[],"_links":{"self":[{"href":"https:\/\/www.hirtenberg-apotheke.at\/katalog\/wp-json\/wp\/v2\/product\/49867","targetHints":{"allow":["GET"]}}],"collection":[{"href":"https:\/\/www.hirtenberg-apotheke.at\/katalog\/wp-json\/wp\/v2\/product"}],"about":[{"href":"https:\/\/www.hirtenberg-apotheke.at\/katalog\/wp-json\/wp\/v2\/types\/product"}],"wp:featuredmedia":[{"embeddable":true,"href":"https:\/\/www.hirtenberg-apotheke.at\/katalog\/wp-json\/wp\/v2\/media\/49869"}],"wp:attachment":[{"href":"https:\/\/www.hirtenberg-apotheke.at\/katalog\/wp-json\/wp\/v2\/media?parent=49867"}],"wp:term":[{"taxonomy":"product_brand","embeddable":true,"href":"https:\/\/www.hirtenberg-apotheke.at\/katalog\/wp-json\/wp\/v2\/product_brand?post=49867"},{"taxonomy":"product_cat","embeddable":true,"href":"https:\/\/www.hirtenberg-apotheke.at\/katalog\/wp-json\/wp\/v2\/product_cat?post=49867"},{"taxonomy":"product_tag","embeddable":true,"href":"https:\/\/www.hirtenberg-apotheke.at\/katalog\/wp-json\/wp\/v2\/product_tag?post=49867"}],"curies":[{"name":"wp","href":"https:\/\/api.w.org\/{rel}","templated":true}]}}