{"id":49918,"date":"2025-11-26T13:25:01","date_gmt":"2025-11-26T12:25:01","guid":{"rendered":"https:\/\/www.hirtenberg-apotheke.at\/katalog\/produkt\/frauenmantel-tropfen-100-ml\/"},"modified":"2025-11-26T13:25:36","modified_gmt":"2025-11-26T12:25:36","slug":"frauenmantel-tropfen-100-ml","status":"publish","type":"product","link":"https:\/\/www.hirtenberg-apotheke.at\/katalog\/produkt\/frauenmantel-tropfen-100-ml\/","title":{"rendered":"Frauenmantel Tropfen 100 ml"},"content":{"rendered":"<p>Der Frauenmantel (Alchemilla vulgaris L.) wird auch Frauenhilf, Frauenrock oder Taukraut genannt. Er ist ein Vertreter aus der Familie der Rosengew\u00e4chse (Rosaceae). Seinen Namen verdankt die Pflanze, die in der Naturheilkunde sehr gerne bei diversen Frauenbeschwerden eingesetzt wird, den Tautropfen , die man jeden Morgen in der Mitte der Pflanzenbl\u00e4tter findet. Alchemisten wollten aus diesen Tautropfen den \u201eStein der Weisen\u201c erzeugen. Wie es sich jedoch sp\u00e4ter herausstellte, handelte es sich dabei nicht um Tautropfen, sondern um puren Pflanzensaft, der \u00fcber die Bl\u00e4tter der Pflanze ausgeschieden wird. Die ausdauernde Staude findet man h\u00e4ufig in lichten W\u00e4ldern, auf Wiesen und Wegen. Verwendung findet haupts\u00e4chlich das Kraut der Pflanze, bei Durchfall, Frauenbeschwerden wie \u00fcberm\u00e4\u00dfige und schmerzhafte Menstruation, aber auch  bei Nachtschwei\u00df und Schlaflosigkeit. Ein besonderes Merkmal des Frauenmantels sind die typischen gelappten Bl\u00e4tter. Zu den wichtigsten Inhaltsstoffen z\u00e4hlen unter anderem Gerbstoffe, Bitterstoffe und Flavonoide..<\/p>\n","protected":false},"excerpt":{"rendered":"<p>Der Frauenmantel (Alchemilla vulgaris L.) wird auch Frauenhilf, Frauenrock oder Taukraut genannt. Er ist ein Vertreter aus der Familie der Rosengew\u00e4chse (Rosaceae). Seinen Namen verdankt die Pflanze, die in der Naturheilkunde sehr gerne bei diversen Frauenbeschwerden eingesetzt wird, den Tautropfen , die man jeden Morgen in der Mitte der Pflanzenbl\u00e4tter findet. Alchemisten wollten aus diesen [&hellip;]<\/p>\n","protected":false},"featured_media":0,"template":"","meta":{"_acf_changed":false},"product_brand":[],"product_cat":[322],"product_tag":[],"class_list":{"0":"post-49918","1":"product","2":"type-product","3":"status-publish","5":"product_cat-f","6":"pa_packungsgroesse-100ml","8":"first","9":"instock","10":"shipping-taxable","11":"purchasable","12":"product-type-simple"},"acf":[],"_links":{"self":[{"href":"https:\/\/www.hirtenberg-apotheke.at\/katalog\/wp-json\/wp\/v2\/product\/49918","targetHints":{"allow":["GET"]}}],"collection":[{"href":"https:\/\/www.hirtenberg-apotheke.at\/katalog\/wp-json\/wp\/v2\/product"}],"about":[{"href":"https:\/\/www.hirtenberg-apotheke.at\/katalog\/wp-json\/wp\/v2\/types\/product"}],"wp:attachment":[{"href":"https:\/\/www.hirtenberg-apotheke.at\/katalog\/wp-json\/wp\/v2\/media?parent=49918"}],"wp:term":[{"taxonomy":"product_brand","embeddable":true,"href":"https:\/\/www.hirtenberg-apotheke.at\/katalog\/wp-json\/wp\/v2\/product_brand?post=49918"},{"taxonomy":"product_cat","embeddable":true,"href":"https:\/\/www.hirtenberg-apotheke.at\/katalog\/wp-json\/wp\/v2\/product_cat?post=49918"},{"taxonomy":"product_tag","embeddable":true,"href":"https:\/\/www.hirtenberg-apotheke.at\/katalog\/wp-json\/wp\/v2\/product_tag?post=49918"}],"curies":[{"name":"wp","href":"https:\/\/api.w.org\/{rel}","templated":true}]}}