{"id":49924,"date":"2025-11-26T13:25:01","date_gmt":"2025-11-26T12:25:01","guid":{"rendered":"https:\/\/www.hirtenberg-apotheke.at\/katalog\/produkt\/leukoplast-5m-x-10-cm-1-stk\/"},"modified":"2025-11-26T13:25:45","modified_gmt":"2025-11-26T12:25:45","slug":"leukoplast-5m-x-10-cm-1-stk","status":"publish","type":"product","link":"https:\/\/www.hirtenberg-apotheke.at\/katalog\/produkt\/leukoplast-5m-x-10-cm-1-stk\/","title":{"rendered":"Leukoplast  5m x 10 cm 1 Stk."},"content":{"rendered":"<p>Leukoplast ist immer dann zu empfehlen, wenn die Fixierung ganz besonders sicher kleben muss. Leukoplast ist ein wasserabweisendes, hautfarbenes Fixierpflaster f\u00fcr normal empfindliche Haut. Es ist au\u00dfergew\u00f6hnlich zugfest und weist eine hohe Sofort- und Dauerklebkraft auf. Leukoplast haftet auch bei starker Belastung fest und sicher und ist luft- und wasserdampfdurchl\u00e4ssig.<\/p>\n","protected":false},"excerpt":{"rendered":"<p>Leukoplast ist immer dann zu empfehlen, wenn die Fixierung ganz besonders sicher kleben muss. Leukoplast ist ein wasserabweisendes, hautfarbenes Fixierpflaster f\u00fcr normal empfindliche Haut. Es ist au\u00dfergew\u00f6hnlich zugfest und weist eine hohe Sofort- und Dauerklebkraft auf. Leukoplast haftet auch bei starker Belastung fest und sicher und ist luft- und wasserdampfdurchl\u00e4ssig.<\/p>\n","protected":false},"featured_media":49926,"template":"","meta":{"_acf_changed":false},"product_brand":[971],"product_cat":[317],"product_tag":[],"class_list":{"0":"post-49924","1":"product","2":"type-product","3":"status-publish","4":"has-post-thumbnail","6":"product_brand-leukoplast","7":"product_cat-l","8":"pa_packungsgroesse-1-stueck","10":"first","11":"instock","12":"shipping-taxable","13":"purchasable","14":"product-type-simple"},"acf":[],"_links":{"self":[{"href":"https:\/\/www.hirtenberg-apotheke.at\/katalog\/wp-json\/wp\/v2\/product\/49924","targetHints":{"allow":["GET"]}}],"collection":[{"href":"https:\/\/www.hirtenberg-apotheke.at\/katalog\/wp-json\/wp\/v2\/product"}],"about":[{"href":"https:\/\/www.hirtenberg-apotheke.at\/katalog\/wp-json\/wp\/v2\/types\/product"}],"wp:featuredmedia":[{"embeddable":true,"href":"https:\/\/www.hirtenberg-apotheke.at\/katalog\/wp-json\/wp\/v2\/media\/49926"}],"wp:attachment":[{"href":"https:\/\/www.hirtenberg-apotheke.at\/katalog\/wp-json\/wp\/v2\/media?parent=49924"}],"wp:term":[{"taxonomy":"product_brand","embeddable":true,"href":"https:\/\/www.hirtenberg-apotheke.at\/katalog\/wp-json\/wp\/v2\/product_brand?post=49924"},{"taxonomy":"product_cat","embeddable":true,"href":"https:\/\/www.hirtenberg-apotheke.at\/katalog\/wp-json\/wp\/v2\/product_cat?post=49924"},{"taxonomy":"product_tag","embeddable":true,"href":"https:\/\/www.hirtenberg-apotheke.at\/katalog\/wp-json\/wp\/v2\/product_tag?post=49924"}],"curies":[{"name":"wp","href":"https:\/\/api.w.org\/{rel}","templated":true}]}}