{"id":49981,"date":"2025-11-26T13:26:15","date_gmt":"2025-11-26T12:26:15","guid":{"rendered":"https:\/\/www.hirtenberg-apotheke.at\/katalog\/produkt\/aquaglide-gleitgel-50ml-geschmacksneutral\/"},"modified":"2025-11-26T13:27:10","modified_gmt":"2025-11-26T12:27:10","slug":"aquaglide-gleitgel-50ml-geschmacksneutral","status":"publish","type":"product","link":"https:\/\/www.hirtenberg-apotheke.at\/katalog\/produkt\/aquaglide-gleitgel-50ml-geschmacksneutral\/","title":{"rendered":"Aquaglide Gleitgel 50ml geschmacksneutral"},"content":{"rendered":"<p>Aquaglide Original &#8211;  seit langer Zeit eines der popul\u00e4rsten Gleitmittel! Das kristallklare Gel (auf Wasserbasis), mit Langzeit-Gleiteigenschaften , sorgt f\u00fcr optimale Feuchtigkeit beim Intimverkehr, ist besonders hautfreundlich, hochwirksam und ergiebig. Aquaglide ist  auch f\u00fcr den Oralverkehr geeignet und geschmacksneutral.<\/p>\n","protected":false},"excerpt":{"rendered":"<p>Aquaglide Original &#8211; seit langer Zeit eines der popul\u00e4rsten Gleitmittel! Das kristallklare Gel (auf Wasserbasis), mit Langzeit-Gleiteigenschaften , sorgt f\u00fcr optimale Feuchtigkeit beim Intimverkehr, ist besonders hautfreundlich, hochwirksam und ergiebig. Aquaglide ist auch f\u00fcr den Oralverkehr geeignet und geschmacksneutral.<\/p>\n","protected":false},"featured_media":0,"template":"","meta":{"_acf_changed":false},"product_brand":[],"product_cat":[299],"product_tag":[],"class_list":{"0":"post-49981","1":"product","2":"type-product","3":"status-publish","5":"product_cat-a","6":"pa_packungsgroesse-50ml","8":"first","9":"instock","10":"shipping-taxable","11":"purchasable","12":"product-type-simple"},"acf":[],"_links":{"self":[{"href":"https:\/\/www.hirtenberg-apotheke.at\/katalog\/wp-json\/wp\/v2\/product\/49981","targetHints":{"allow":["GET"]}}],"collection":[{"href":"https:\/\/www.hirtenberg-apotheke.at\/katalog\/wp-json\/wp\/v2\/product"}],"about":[{"href":"https:\/\/www.hirtenberg-apotheke.at\/katalog\/wp-json\/wp\/v2\/types\/product"}],"wp:attachment":[{"href":"https:\/\/www.hirtenberg-apotheke.at\/katalog\/wp-json\/wp\/v2\/media?parent=49981"}],"wp:term":[{"taxonomy":"product_brand","embeddable":true,"href":"https:\/\/www.hirtenberg-apotheke.at\/katalog\/wp-json\/wp\/v2\/product_brand?post=49981"},{"taxonomy":"product_cat","embeddable":true,"href":"https:\/\/www.hirtenberg-apotheke.at\/katalog\/wp-json\/wp\/v2\/product_cat?post=49981"},{"taxonomy":"product_tag","embeddable":true,"href":"https:\/\/www.hirtenberg-apotheke.at\/katalog\/wp-json\/wp\/v2\/product_tag?post=49981"}],"curies":[{"name":"wp","href":"https:\/\/api.w.org\/{rel}","templated":true}]}}