{"id":50018,"date":"2025-11-26T13:27:11","date_gmt":"2025-11-26T12:27:11","guid":{"rendered":"https:\/\/www.hirtenberg-apotheke.at\/katalog\/produkt\/nachtkerzenoel-500mg-kapseln-2\/"},"modified":"2025-11-26T13:28:03","modified_gmt":"2025-11-26T12:28:03","slug":"nachtkerzenoel-500mg-kapseln-2","status":"publish","type":"product","link":"https:\/\/www.hirtenberg-apotheke.at\/katalog\/produkt\/nachtkerzenoel-500mg-kapseln-2\/","title":{"rendered":"Nachtkerzen\u00f6l 500mg Kapseln"},"content":{"rendered":"<p>Gall Pharma Nachtkerze \u00d6l 500 Kapseln 180 Stk. enthalten 500 mg Nachtkerzen\u00f6l und 10 mg Vitamin E in einer Weichgelatinekapsel. Nachtkerzen\u00f6l ist eine nat\u00fcrliche Quelle von unges\u00e4ttigten Fetts\u00e4uren und enth\u00e4lt wichtige Aminos\u00e4uren, Mineralien, Vitamine, darunter Vitamin E, das die nat\u00fcrliche Rolle eines Antioxidans spielt. Nachtkerzen\u00f6l unterst\u00fctzt bei PMS Beschwerden vor und w\u00e4hrend der Periode, f\u00f6rdert die Fruchtbarkeit, reguliert den Hormonhaushalt und f\u00f6rdert somit die Hautgesundheit.<\/p>\n","protected":false},"excerpt":{"rendered":"<p>Gall Pharma Nachtkerze \u00d6l 500 Kapseln 180 Stk. enthalten 500 mg Nachtkerzen\u00f6l und 10 mg Vitamin E in einer Weichgelatinekapsel. Nachtkerzen\u00f6l ist eine nat\u00fcrliche Quelle von unges\u00e4ttigten Fetts\u00e4uren und enth\u00e4lt wichtige Aminos\u00e4uren, Mineralien, Vitamine, darunter Vitamin E, das die nat\u00fcrliche Rolle eines Antioxidans spielt. Nachtkerzen\u00f6l unterst\u00fctzt bei PMS Beschwerden vor und w\u00e4hrend der Periode, f\u00f6rdert [&hellip;]<\/p>\n","protected":false},"featured_media":0,"template":"","meta":{"_acf_changed":false},"product_brand":[316],"product_cat":[310],"product_tag":[],"class_list":{"0":"post-50018","1":"product","2":"type-product","3":"status-publish","5":"product_brand-gall-pharma","6":"product_cat-n","7":"pa_packungsgroesse-180-stueck","9":"first","10":"instock","11":"shipping-taxable","12":"purchasable","13":"product-type-simple"},"acf":[],"_links":{"self":[{"href":"https:\/\/www.hirtenberg-apotheke.at\/katalog\/wp-json\/wp\/v2\/product\/50018","targetHints":{"allow":["GET"]}}],"collection":[{"href":"https:\/\/www.hirtenberg-apotheke.at\/katalog\/wp-json\/wp\/v2\/product"}],"about":[{"href":"https:\/\/www.hirtenberg-apotheke.at\/katalog\/wp-json\/wp\/v2\/types\/product"}],"wp:attachment":[{"href":"https:\/\/www.hirtenberg-apotheke.at\/katalog\/wp-json\/wp\/v2\/media?parent=50018"}],"wp:term":[{"taxonomy":"product_brand","embeddable":true,"href":"https:\/\/www.hirtenberg-apotheke.at\/katalog\/wp-json\/wp\/v2\/product_brand?post=50018"},{"taxonomy":"product_cat","embeddable":true,"href":"https:\/\/www.hirtenberg-apotheke.at\/katalog\/wp-json\/wp\/v2\/product_cat?post=50018"},{"taxonomy":"product_tag","embeddable":true,"href":"https:\/\/www.hirtenberg-apotheke.at\/katalog\/wp-json\/wp\/v2\/product_tag?post=50018"}],"curies":[{"name":"wp","href":"https:\/\/api.w.org\/{rel}","templated":true}]}}