{"id":50049,"date":"2025-11-26T13:28:02","date_gmt":"2025-11-26T12:28:02","guid":{"rendered":"https:\/\/www.hirtenberg-apotheke.at\/katalog\/produkt\/cerave-schaeumendes-reinigungsgel-236ml\/"},"modified":"2025-11-26T13:28:46","modified_gmt":"2025-11-26T12:28:46","slug":"cerave-schaeumendes-reinigungsgel-236ml","status":"publish","type":"product","link":"https:\/\/www.hirtenberg-apotheke.at\/katalog\/produkt\/cerave-schaeumendes-reinigungsgel-236ml\/","title":{"rendered":"CeraVe Sch\u00e4umendes Reinigungsgel 236ml"},"content":{"rendered":"<p>Das CeraVe Sch\u00e4umendes Reinigungsgel 236ml ist f\u00fcr normale bis fettige Haut geeignet. Jetzt online auf servusapotheke.at bestellen!<\/p>\n","protected":false},"excerpt":{"rendered":"<p>Das CeraVe Sch\u00e4umendes Reinigungsgel 236ml ist f\u00fcr normale bis fettige Haut geeignet. Jetzt online auf servusapotheke.at bestellen!<\/p>\n","protected":false},"featured_media":50051,"template":"","meta":{"_acf_changed":false},"product_brand":[730],"product_cat":[337],"product_tag":[],"class_list":{"0":"post-50049","1":"product","2":"type-product","3":"status-publish","4":"has-post-thumbnail","6":"product_brand-cerave","7":"product_cat-c","8":"pa_packungsgroesse-236ml","10":"first","11":"instock","12":"shipping-taxable","13":"purchasable","14":"product-type-simple"},"acf":[],"_links":{"self":[{"href":"https:\/\/www.hirtenberg-apotheke.at\/katalog\/wp-json\/wp\/v2\/product\/50049","targetHints":{"allow":["GET"]}}],"collection":[{"href":"https:\/\/www.hirtenberg-apotheke.at\/katalog\/wp-json\/wp\/v2\/product"}],"about":[{"href":"https:\/\/www.hirtenberg-apotheke.at\/katalog\/wp-json\/wp\/v2\/types\/product"}],"wp:featuredmedia":[{"embeddable":true,"href":"https:\/\/www.hirtenberg-apotheke.at\/katalog\/wp-json\/wp\/v2\/media\/50051"}],"wp:attachment":[{"href":"https:\/\/www.hirtenberg-apotheke.at\/katalog\/wp-json\/wp\/v2\/media?parent=50049"}],"wp:term":[{"taxonomy":"product_brand","embeddable":true,"href":"https:\/\/www.hirtenberg-apotheke.at\/katalog\/wp-json\/wp\/v2\/product_brand?post=50049"},{"taxonomy":"product_cat","embeddable":true,"href":"https:\/\/www.hirtenberg-apotheke.at\/katalog\/wp-json\/wp\/v2\/product_cat?post=50049"},{"taxonomy":"product_tag","embeddable":true,"href":"https:\/\/www.hirtenberg-apotheke.at\/katalog\/wp-json\/wp\/v2\/product_tag?post=50049"}],"curies":[{"name":"wp","href":"https:\/\/api.w.org\/{rel}","templated":true}]}}