{"id":50212,"date":"2025-11-26T13:31:42","date_gmt":"2025-11-26T12:31:42","guid":{"rendered":"https:\/\/www.hirtenberg-apotheke.at\/katalog\/produkt\/colomed-10-aad-sachets-28-stk\/"},"modified":"2025-11-26T13:32:22","modified_gmt":"2025-11-26T12:32:22","slug":"colomed-10-aad-sachets-28-stk","status":"publish","type":"product","link":"https:\/\/www.hirtenberg-apotheke.at\/katalog\/produkt\/colomed-10-aad-sachets-28-stk\/","title":{"rendered":"Colomed 10 AAD-Sachets 28 Stk."},"content":{"rendered":"<p>Colomed 10 AAD-Sachets enthalten 10 vermehrungsf\u00e4hige probiotische Bakterienst\u00e4mme. Sie dienen der di\u00e4tischen Behandlung nach einer Antibiotika Behandlung.<\/p>\n","protected":false},"excerpt":{"rendered":"<p>Colomed 10 AAD-Sachets enthalten 10 vermehrungsf\u00e4hige probiotische Bakterienst\u00e4mme. Sie dienen der di\u00e4tischen Behandlung nach einer Antibiotika Behandlung.<\/p>\n","protected":false},"featured_media":50214,"template":"","meta":{"_acf_changed":false},"product_brand":[],"product_cat":[337],"product_tag":[],"class_list":{"0":"post-50212","1":"product","2":"type-product","3":"status-publish","4":"has-post-thumbnail","6":"product_cat-c","7":"pa_packungsgroesse-28-beutel","9":"first","10":"instock","11":"shipping-taxable","12":"purchasable","13":"product-type-simple"},"acf":[],"_links":{"self":[{"href":"https:\/\/www.hirtenberg-apotheke.at\/katalog\/wp-json\/wp\/v2\/product\/50212","targetHints":{"allow":["GET"]}}],"collection":[{"href":"https:\/\/www.hirtenberg-apotheke.at\/katalog\/wp-json\/wp\/v2\/product"}],"about":[{"href":"https:\/\/www.hirtenberg-apotheke.at\/katalog\/wp-json\/wp\/v2\/types\/product"}],"wp:featuredmedia":[{"embeddable":true,"href":"https:\/\/www.hirtenberg-apotheke.at\/katalog\/wp-json\/wp\/v2\/media\/50214"}],"wp:attachment":[{"href":"https:\/\/www.hirtenberg-apotheke.at\/katalog\/wp-json\/wp\/v2\/media?parent=50212"}],"wp:term":[{"taxonomy":"product_brand","embeddable":true,"href":"https:\/\/www.hirtenberg-apotheke.at\/katalog\/wp-json\/wp\/v2\/product_brand?post=50212"},{"taxonomy":"product_cat","embeddable":true,"href":"https:\/\/www.hirtenberg-apotheke.at\/katalog\/wp-json\/wp\/v2\/product_cat?post=50212"},{"taxonomy":"product_tag","embeddable":true,"href":"https:\/\/www.hirtenberg-apotheke.at\/katalog\/wp-json\/wp\/v2\/product_tag?post=50212"}],"curies":[{"name":"wp","href":"https:\/\/api.w.org\/{rel}","templated":true}]}}