{"id":50239,"date":"2025-11-26T13:32:35","date_gmt":"2025-11-26T12:32:35","guid":{"rendered":"https:\/\/www.hirtenberg-apotheke.at\/katalog\/produkt\/rausch-kamille-amaranth-repair-shampoo-40-ml\/"},"modified":"2025-11-26T13:33:01","modified_gmt":"2025-11-26T12:33:01","slug":"rausch-kamille-amaranth-repair-shampoo-40-ml","status":"publish","type":"product","link":"https:\/\/www.hirtenberg-apotheke.at\/katalog\/produkt\/rausch-kamille-amaranth-repair-shampoo-40-ml\/","title":{"rendered":"Rausch Kamille-Amaranth Repair-Shampoo 40 ml"},"content":{"rendered":"<p class=\"MsoNormal\">St\u00e4rkt und gl\u00e4ttet die gesch\u00e4digte\u00a0Haarstruktur. Milde Aufbaupflege f\u00fcr mehrElastizit\u00e4t und Glanz. Mit ausgew\u00e4hlten Extrakten aus Kamillenbl\u00fcten, Amaranthund Panamarinde.<\/p>\n<p class=\"MsoNormal\">Dieses Produkt war fr\u00fcher als Kamillen AUFBAU-SHAMPOOerh\u00e4ltlich.<\/p>\n<ul>\n<li>Repariert und regeneriert gesch\u00e4digtes Haar<\/li>\n<li>Schenkt Elastizit\u00e4t und nat\u00fcrlichen Glanz<\/li>\n<li>Die Spitzen werden durch die besondere Pflegevor Spliss gesch\u00fctzt<\/li>\n<\/ul>\n","protected":false},"excerpt":{"rendered":"<p>St\u00e4rkt und gl\u00e4ttet die gesch\u00e4digte\u00a0Haarstruktur. Milde Aufbaupflege f\u00fcr mehrElastizit\u00e4t und Glanz. Mit ausgew\u00e4hlten Extrakten aus Kamillenbl\u00fcten, Amaranthund Panamarinde. Dieses Produkt war fr\u00fcher als Kamillen AUFBAU-SHAMPOOerh\u00e4ltlich. Repariert und regeneriert gesch\u00e4digtes Haar Schenkt Elastizit\u00e4t und nat\u00fcrlichen Glanz Die Spitzen werden durch die besondere Pflegevor Spliss gesch\u00fctzt<\/p>\n","protected":false},"featured_media":50241,"template":"","meta":{"_acf_changed":false},"product_brand":[638],"product_cat":[311],"product_tag":[],"class_list":{"0":"post-50239","1":"product","2":"type-product","3":"status-publish","4":"has-post-thumbnail","6":"product_brand-rausch","7":"product_cat-r","8":"pa_farbe-orange","9":"pa_packungsgroesse-40ml","11":"first","12":"instock","13":"shipping-taxable","14":"purchasable","15":"product-type-simple"},"acf":[],"_links":{"self":[{"href":"https:\/\/www.hirtenberg-apotheke.at\/katalog\/wp-json\/wp\/v2\/product\/50239","targetHints":{"allow":["GET"]}}],"collection":[{"href":"https:\/\/www.hirtenberg-apotheke.at\/katalog\/wp-json\/wp\/v2\/product"}],"about":[{"href":"https:\/\/www.hirtenberg-apotheke.at\/katalog\/wp-json\/wp\/v2\/types\/product"}],"wp:featuredmedia":[{"embeddable":true,"href":"https:\/\/www.hirtenberg-apotheke.at\/katalog\/wp-json\/wp\/v2\/media\/50241"}],"wp:attachment":[{"href":"https:\/\/www.hirtenberg-apotheke.at\/katalog\/wp-json\/wp\/v2\/media?parent=50239"}],"wp:term":[{"taxonomy":"product_brand","embeddable":true,"href":"https:\/\/www.hirtenberg-apotheke.at\/katalog\/wp-json\/wp\/v2\/product_brand?post=50239"},{"taxonomy":"product_cat","embeddable":true,"href":"https:\/\/www.hirtenberg-apotheke.at\/katalog\/wp-json\/wp\/v2\/product_cat?post=50239"},{"taxonomy":"product_tag","embeddable":true,"href":"https:\/\/www.hirtenberg-apotheke.at\/katalog\/wp-json\/wp\/v2\/product_tag?post=50239"}],"curies":[{"name":"wp","href":"https:\/\/api.w.org\/{rel}","templated":true}]}}