{"id":50243,"date":"2025-11-26T13:32:35","date_gmt":"2025-11-26T12:32:35","guid":{"rendered":"https:\/\/www.hirtenberg-apotheke.at\/katalog\/produkt\/apopharm-bachblueten-rescue-spray-20-ml\/"},"modified":"2025-11-26T13:33:05","modified_gmt":"2025-11-26T12:33:05","slug":"apopharm-bachblueten-rescue-spray-20-ml","status":"publish","type":"product","link":"https:\/\/www.hirtenberg-apotheke.at\/katalog\/produkt\/apopharm-bachblueten-rescue-spray-20-ml\/","title":{"rendered":"Apopharm Bachbl\u00fcten Rescue Spray 20 ml"},"content":{"rendered":"<p>Apopharm Bachbl\u00fcten Rescue Spray ist ein Notfallspray f\u00fcr die rasche und handliche L\u00f6sung kleinerer und gr\u00f6\u00dferer Notf\u00e4lle. Der Spray sorgt f\u00fcr Gelassenheit in Stresssituationen, bei gef\u00fchlter \u00dcberforderung und sorgt f\u00fcr seelisches Gleichgewicht.<\/p>\n","protected":false},"excerpt":{"rendered":"<p>Apopharm Bachbl\u00fcten Rescue Spray ist ein Notfallspray f\u00fcr die rasche und handliche L\u00f6sung kleinerer und gr\u00f6\u00dferer Notf\u00e4lle. Der Spray sorgt f\u00fcr Gelassenheit in Stresssituationen, bei gef\u00fchlter \u00dcberforderung und sorgt f\u00fcr seelisches Gleichgewicht.<\/p>\n","protected":false},"featured_media":50245,"template":"","meta":{"_acf_changed":false},"product_brand":[],"product_cat":[299],"product_tag":[],"class_list":{"0":"post-50243","1":"product","2":"type-product","3":"status-publish","4":"has-post-thumbnail","6":"product_cat-a","7":"pa_packungsgroesse-20ml","9":"first","10":"instock","11":"shipping-taxable","12":"purchasable","13":"product-type-simple"},"acf":[],"_links":{"self":[{"href":"https:\/\/www.hirtenberg-apotheke.at\/katalog\/wp-json\/wp\/v2\/product\/50243","targetHints":{"allow":["GET"]}}],"collection":[{"href":"https:\/\/www.hirtenberg-apotheke.at\/katalog\/wp-json\/wp\/v2\/product"}],"about":[{"href":"https:\/\/www.hirtenberg-apotheke.at\/katalog\/wp-json\/wp\/v2\/types\/product"}],"wp:featuredmedia":[{"embeddable":true,"href":"https:\/\/www.hirtenberg-apotheke.at\/katalog\/wp-json\/wp\/v2\/media\/50245"}],"wp:attachment":[{"href":"https:\/\/www.hirtenberg-apotheke.at\/katalog\/wp-json\/wp\/v2\/media?parent=50243"}],"wp:term":[{"taxonomy":"product_brand","embeddable":true,"href":"https:\/\/www.hirtenberg-apotheke.at\/katalog\/wp-json\/wp\/v2\/product_brand?post=50243"},{"taxonomy":"product_cat","embeddable":true,"href":"https:\/\/www.hirtenberg-apotheke.at\/katalog\/wp-json\/wp\/v2\/product_cat?post=50243"},{"taxonomy":"product_tag","embeddable":true,"href":"https:\/\/www.hirtenberg-apotheke.at\/katalog\/wp-json\/wp\/v2\/product_tag?post=50243"}],"curies":[{"name":"wp","href":"https:\/\/api.w.org\/{rel}","templated":true}]}}