{"id":50275,"date":"2025-11-26T13:33:21","date_gmt":"2025-11-26T12:33:21","guid":{"rendered":"https:\/\/www.hirtenberg-apotheke.at\/katalog\/produkt\/calcium-verla-vital-filmtabletten-100-stk\/"},"modified":"2025-11-26T13:33:39","modified_gmt":"2025-11-26T12:33:39","slug":"calcium-verla-vital-filmtabletten-100-stk","status":"publish","type":"product","link":"https:\/\/www.hirtenberg-apotheke.at\/katalog\/produkt\/calcium-verla-vital-filmtabletten-100-stk\/","title":{"rendered":"Calcium Verla Vital Filmtabletten 100 Stk."},"content":{"rendered":"<p>Der Grundstein f\u00fcr gesunde Knochen wird schon in jungen Jahren gelegt. Die Knochenmasse wird zu 90 % bis zum 20. Lebensjahr gebildet, die restlichen 10 % bis zum Alter von 35 &#8211; 40 Jahren. Danach nimmt die Knochenmasse kontinuierlich ab, bei Frauen durch den Wegfall des Schutzschildes \u00d6strogen in den Wechseljahren deutlich schneller als bei M\u00e4nnern. Kommen calciumarme Ern\u00e4hrung und wenig Bewegung hinzu, kann sich der Knochenabbau verst\u00e4rken. Das T\u00fcckische daran ist, dass dieser Prozess in der Regel ganz langsam und unbemerkt stattfindet, so dass m\u00f6gliche Beschwerden meist sehr sp\u00e4t und unerwartet auftreten. Deshalb ist es wichtig, fr\u00fchzeitig etwas f\u00fcr die Knochengesundheit zu tun: neben calciumreicher Ern\u00e4hrung und viel Bewegung sind ausgew\u00e4hlte Vitalstoffe besonders wichtig. Calcium Verla vital ist eine ausgeglichene Vitalstoffkombination aus den Mineralstoffen Calcium, Magnesium und Zink und den Vitaminen D und K. Das Nahrungserg\u00e4nzungsmittel Calcium Verla vital enth\u00e4lt die &#8222;knochenspezifischen&#8220; N\u00e4hrstoffe Calcium, Vitamin D, Vitamin K, Magnesium und Zink. Diese Vitalstoffe sind am Aufbau von Knochengewebe beteiligt und verleihen dem Skelettsystem die n\u00f6tige Festigkeit. Die Filmtabletten Calcium Verla vital sind leicht zu schlucken und f\u00fcr die t\u00e4gliche Nahrungserg\u00e4nzung sehr gut geeignet &#8211; glutenfrei und ohne Laktose. Das Nahrungserg\u00e4nzungsmittel Calcium Verla vital ist eine Vitalstoffkombination, die im Rahmen der Ern\u00e4hrung die Knochengesundheit sinnvoll unterst\u00fctzt.<\/p>\n","protected":false},"excerpt":{"rendered":"<p>Der Grundstein f\u00fcr gesunde Knochen wird schon in jungen Jahren gelegt. Die Knochenmasse wird zu 90 % bis zum 20. Lebensjahr gebildet, die restlichen 10 % bis zum Alter von 35 &#8211; 40 Jahren. Danach nimmt die Knochenmasse kontinuierlich ab, bei Frauen durch den Wegfall des Schutzschildes \u00d6strogen in den Wechseljahren deutlich schneller als bei [&hellip;]<\/p>\n","protected":false},"featured_media":0,"template":"","meta":{"_acf_changed":false},"product_brand":[1032],"product_cat":[337],"product_tag":[],"class_list":{"0":"post-50275","1":"product","2":"type-product","3":"status-publish","5":"product_brand-verla","6":"product_cat-c","7":"pa_packungsgroesse-100-stueck","9":"first","10":"instock","11":"shipping-taxable","12":"purchasable","13":"product-type-simple"},"acf":[],"_links":{"self":[{"href":"https:\/\/www.hirtenberg-apotheke.at\/katalog\/wp-json\/wp\/v2\/product\/50275","targetHints":{"allow":["GET"]}}],"collection":[{"href":"https:\/\/www.hirtenberg-apotheke.at\/katalog\/wp-json\/wp\/v2\/product"}],"about":[{"href":"https:\/\/www.hirtenberg-apotheke.at\/katalog\/wp-json\/wp\/v2\/types\/product"}],"wp:attachment":[{"href":"https:\/\/www.hirtenberg-apotheke.at\/katalog\/wp-json\/wp\/v2\/media?parent=50275"}],"wp:term":[{"taxonomy":"product_brand","embeddable":true,"href":"https:\/\/www.hirtenberg-apotheke.at\/katalog\/wp-json\/wp\/v2\/product_brand?post=50275"},{"taxonomy":"product_cat","embeddable":true,"href":"https:\/\/www.hirtenberg-apotheke.at\/katalog\/wp-json\/wp\/v2\/product_cat?post=50275"},{"taxonomy":"product_tag","embeddable":true,"href":"https:\/\/www.hirtenberg-apotheke.at\/katalog\/wp-json\/wp\/v2\/product_tag?post=50275"}],"curies":[{"name":"wp","href":"https:\/\/api.w.org\/{rel}","templated":true}]}}