{"id":50291,"date":"2025-11-26T13:33:21","date_gmt":"2025-11-26T12:33:21","guid":{"rendered":"https:\/\/www.hirtenberg-apotheke.at\/katalog\/produkt\/nuxe-sun-after-sun-milch-200-ml\/"},"modified":"2025-11-26T13:33:56","modified_gmt":"2025-11-26T12:33:56","slug":"nuxe-sun-after-sun-milch-200-ml","status":"publish","type":"product","link":"https:\/\/www.hirtenberg-apotheke.at\/katalog\/produkt\/nuxe-sun-after-sun-milch-200-ml\/","title":{"rendered":"Nuxe Sun After-Sun-Milch 200 ml"},"content":{"rendered":"<p>Nuxe Sun After-Sun-Milch f\u00fcr Gesicht und K\u00f6rper mit Wasser- und Sommerblumen repariert, spendet Feuchtigkeit, sorgt f\u00fcr seidenmatte Haut und verl\u00e4ngert die Sonnenbr\u00e4une um ganze 2 Wochen. Die frische Textur sorgt sofort f\u00fcr ein angenehmes Hautgef\u00fchl. Mit einem sonnigen Duft von S\u00fc\u00dforangen, Tiar\u00e9-Bl\u00fcten und Vanille.<\/p>\n","protected":false},"excerpt":{"rendered":"<p>Nuxe Sun After-Sun-Milch f\u00fcr Gesicht und K\u00f6rper mit Wasser- und Sommerblumen repariert, spendet Feuchtigkeit, sorgt f\u00fcr seidenmatte Haut und verl\u00e4ngert die Sonnenbr\u00e4une um ganze 2 Wochen. Die frische Textur sorgt sofort f\u00fcr ein angenehmes Hautgef\u00fchl. Mit einem sonnigen Duft von S\u00fc\u00dforangen, Tiar\u00e9-Bl\u00fcten und Vanille.<\/p>\n","protected":false},"featured_media":50293,"template":"","meta":{"_acf_changed":false},"product_brand":[720],"product_cat":[310],"product_tag":[],"class_list":{"0":"post-50291","1":"product","2":"type-product","3":"status-publish","4":"has-post-thumbnail","6":"product_brand-nuxe","7":"product_cat-n","8":"pa_packungsgroesse-200ml","10":"first","11":"instock","12":"shipping-taxable","13":"purchasable","14":"product-type-simple"},"acf":[],"_links":{"self":[{"href":"https:\/\/www.hirtenberg-apotheke.at\/katalog\/wp-json\/wp\/v2\/product\/50291","targetHints":{"allow":["GET"]}}],"collection":[{"href":"https:\/\/www.hirtenberg-apotheke.at\/katalog\/wp-json\/wp\/v2\/product"}],"about":[{"href":"https:\/\/www.hirtenberg-apotheke.at\/katalog\/wp-json\/wp\/v2\/types\/product"}],"wp:featuredmedia":[{"embeddable":true,"href":"https:\/\/www.hirtenberg-apotheke.at\/katalog\/wp-json\/wp\/v2\/media\/50293"}],"wp:attachment":[{"href":"https:\/\/www.hirtenberg-apotheke.at\/katalog\/wp-json\/wp\/v2\/media?parent=50291"}],"wp:term":[{"taxonomy":"product_brand","embeddable":true,"href":"https:\/\/www.hirtenberg-apotheke.at\/katalog\/wp-json\/wp\/v2\/product_brand?post=50291"},{"taxonomy":"product_cat","embeddable":true,"href":"https:\/\/www.hirtenberg-apotheke.at\/katalog\/wp-json\/wp\/v2\/product_cat?post=50291"},{"taxonomy":"product_tag","embeddable":true,"href":"https:\/\/www.hirtenberg-apotheke.at\/katalog\/wp-json\/wp\/v2\/product_tag?post=50291"}],"curies":[{"name":"wp","href":"https:\/\/api.w.org\/{rel}","templated":true}]}}