{"id":50321,"date":"2025-11-26T13:33:55","date_gmt":"2025-11-26T12:33:55","guid":{"rendered":"https:\/\/www.hirtenberg-apotheke.at\/katalog\/produkt\/medikam-disp-225x63cm-blau-1-stk\/"},"modified":"2025-11-26T13:34:30","modified_gmt":"2025-11-26T12:34:30","slug":"medikam-disp-225x63cm-blau-1-stk","status":"publish","type":"product","link":"https:\/\/www.hirtenberg-apotheke.at\/katalog\/produkt\/medikam-disp-225x63cm-blau-1-stk\/","title":{"rendered":"Medikam Disp 22,5&#215;6,3cm Blau 1 Stk."},"content":{"rendered":"<p>Medikam Disp 22,5&#215;6,3cm Blau dient der Sortierung von Medikamenten f\u00fcr einen Tag. Besonders f\u00fcr Patientinnen und Patienten, die eine Vielzahl von Medikamenten einnehmen m\u00fcssen oder eine Sehschw\u00e4che haben, ist die Gr\u00f6\u00dfe des Medikamentensch\u00e4lchens sehr hilfreich.<\/p>\n","protected":false},"excerpt":{"rendered":"<p>Medikam Disp 22,5&#215;6,3cm Blau dient der Sortierung von Medikamenten f\u00fcr einen Tag. Besonders f\u00fcr Patientinnen und Patienten, die eine Vielzahl von Medikamenten einnehmen m\u00fcssen oder eine Sehschw\u00e4che haben, ist die Gr\u00f6\u00dfe des Medikamentensch\u00e4lchens sehr hilfreich.<\/p>\n","protected":false},"featured_media":0,"template":"","meta":{"_acf_changed":false},"product_brand":[],"product_cat":[308],"product_tag":[],"class_list":{"0":"post-50321","1":"product","2":"type-product","3":"status-publish","5":"product_cat-m","6":"pa_packungsgroesse-1-stueck","8":"first","9":"instock","10":"shipping-taxable","11":"purchasable","12":"product-type-simple"},"acf":[],"_links":{"self":[{"href":"https:\/\/www.hirtenberg-apotheke.at\/katalog\/wp-json\/wp\/v2\/product\/50321","targetHints":{"allow":["GET"]}}],"collection":[{"href":"https:\/\/www.hirtenberg-apotheke.at\/katalog\/wp-json\/wp\/v2\/product"}],"about":[{"href":"https:\/\/www.hirtenberg-apotheke.at\/katalog\/wp-json\/wp\/v2\/types\/product"}],"wp:attachment":[{"href":"https:\/\/www.hirtenberg-apotheke.at\/katalog\/wp-json\/wp\/v2\/media?parent=50321"}],"wp:term":[{"taxonomy":"product_brand","embeddable":true,"href":"https:\/\/www.hirtenberg-apotheke.at\/katalog\/wp-json\/wp\/v2\/product_brand?post=50321"},{"taxonomy":"product_cat","embeddable":true,"href":"https:\/\/www.hirtenberg-apotheke.at\/katalog\/wp-json\/wp\/v2\/product_cat?post=50321"},{"taxonomy":"product_tag","embeddable":true,"href":"https:\/\/www.hirtenberg-apotheke.at\/katalog\/wp-json\/wp\/v2\/product_tag?post=50321"}],"curies":[{"name":"wp","href":"https:\/\/api.w.org\/{rel}","templated":true}]}}