{"id":50334,"date":"2025-11-26T13:34:31","date_gmt":"2025-11-26T12:34:31","guid":{"rendered":"https:\/\/www.hirtenberg-apotheke.at\/katalog\/produkt\/hartmann-peha-soft-untersuchungshandschuh-nitril-unsteril-90-stk-xl\/"},"modified":"2025-11-26T13:34:42","modified_gmt":"2025-11-26T12:34:42","slug":"hartmann-peha-soft-untersuchungshandschuh-nitril-unsteril-90-stk-xl","status":"publish","type":"product","link":"https:\/\/www.hirtenberg-apotheke.at\/katalog\/produkt\/hartmann-peha-soft-untersuchungshandschuh-nitril-unsteril-90-stk-xl\/","title":{"rendered":"Hartmann Peha-soft Untersuchungshandschuh Nitril unsteril 90 Stk. XL"},"content":{"rendered":"<p>Hartmann Peha-soft\u00ae Untersuchungshandschuh Nitril unsteril erh\u00e4ltlich in den Gr\u00f6\u00dfen S, M, L und XL.<\/p>\n","protected":false},"excerpt":{"rendered":"<p>Hartmann Peha-soft\u00ae Untersuchungshandschuh Nitril unsteril erh\u00e4ltlich in den Gr\u00f6\u00dfen S, M, L und XL.<\/p>\n","protected":false},"featured_media":0,"template":"","meta":{"_acf_changed":false},"product_brand":[941],"product_cat":[330],"product_tag":[],"class_list":{"0":"post-50334","1":"product","2":"type-product","3":"status-publish","5":"product_brand-peha","6":"product_cat-h","7":"pa_packungsgroesse-90-stueck","9":"first","10":"instock","11":"shipping-taxable","12":"purchasable","13":"product-type-simple"},"acf":[],"_links":{"self":[{"href":"https:\/\/www.hirtenberg-apotheke.at\/katalog\/wp-json\/wp\/v2\/product\/50334","targetHints":{"allow":["GET"]}}],"collection":[{"href":"https:\/\/www.hirtenberg-apotheke.at\/katalog\/wp-json\/wp\/v2\/product"}],"about":[{"href":"https:\/\/www.hirtenberg-apotheke.at\/katalog\/wp-json\/wp\/v2\/types\/product"}],"wp:attachment":[{"href":"https:\/\/www.hirtenberg-apotheke.at\/katalog\/wp-json\/wp\/v2\/media?parent=50334"}],"wp:term":[{"taxonomy":"product_brand","embeddable":true,"href":"https:\/\/www.hirtenberg-apotheke.at\/katalog\/wp-json\/wp\/v2\/product_brand?post=50334"},{"taxonomy":"product_cat","embeddable":true,"href":"https:\/\/www.hirtenberg-apotheke.at\/katalog\/wp-json\/wp\/v2\/product_cat?post=50334"},{"taxonomy":"product_tag","embeddable":true,"href":"https:\/\/www.hirtenberg-apotheke.at\/katalog\/wp-json\/wp\/v2\/product_tag?post=50334"}],"curies":[{"name":"wp","href":"https:\/\/api.w.org\/{rel}","templated":true}]}}