{"id":50571,"date":"2025-11-26T13:39:38","date_gmt":"2025-11-26T12:39:38","guid":{"rendered":"https:\/\/www.hirtenberg-apotheke.at\/katalog\/produkt\/exmonte-kartoffel-balsam-ringelbuete-arnika-100-ml\/"},"modified":"2025-11-26T13:40:00","modified_gmt":"2025-11-26T12:40:00","slug":"exmonte-kartoffel-balsam-ringelbuete-arnika-100-ml","status":"publish","type":"product","link":"https:\/\/www.hirtenberg-apotheke.at\/katalog\/produkt\/exmonte-kartoffel-balsam-ringelbuete-arnika-100-ml\/","title":{"rendered":"Exmonte Kartoffel Balsam + Ringelb\u00fcte + Arnika 100 ml"},"content":{"rendered":"<p>Exmonte Kartoffel Balsam + Ringelb\u00fcte + Arnika macht die Haut weich und geschmeidig und spendet der strapazierten Haut Feuchtigkeit. Bei ausgelaugter, spr\u00f6der, trockener oder schuppiger Haut wird die nat\u00fcrliche Schutzh\u00fclle wieder aufgebaut. Der Balsam zieht schnell ein und fettet nicht. Zus\u00e4tzlich enth\u00e4lt der Kartoffelbalsam wohltuende Wirkstoffe der Ringelblume und Arnika.<\/p>\n","protected":false},"excerpt":{"rendered":"<p>Exmonte Kartoffel Balsam + Ringelb\u00fcte + Arnika macht die Haut weich und geschmeidig und spendet der strapazierten Haut Feuchtigkeit. Bei ausgelaugter, spr\u00f6der, trockener oder schuppiger Haut wird die nat\u00fcrliche Schutzh\u00fclle wieder aufgebaut. Der Balsam zieht schnell ein und fettet nicht. Zus\u00e4tzlich enth\u00e4lt der Kartoffelbalsam wohltuende Wirkstoffe der Ringelblume und Arnika.<\/p>\n","protected":false},"featured_media":0,"template":"","meta":{"_acf_changed":false},"product_brand":[],"product_cat":[307],"product_tag":[],"class_list":{"0":"post-50571","1":"product","2":"type-product","3":"status-publish","5":"product_cat-e","6":"pa_packungsgroesse-100ml","8":"first","9":"instock","10":"shipping-taxable","11":"purchasable","12":"product-type-simple"},"acf":[],"_links":{"self":[{"href":"https:\/\/www.hirtenberg-apotheke.at\/katalog\/wp-json\/wp\/v2\/product\/50571","targetHints":{"allow":["GET"]}}],"collection":[{"href":"https:\/\/www.hirtenberg-apotheke.at\/katalog\/wp-json\/wp\/v2\/product"}],"about":[{"href":"https:\/\/www.hirtenberg-apotheke.at\/katalog\/wp-json\/wp\/v2\/types\/product"}],"wp:attachment":[{"href":"https:\/\/www.hirtenberg-apotheke.at\/katalog\/wp-json\/wp\/v2\/media?parent=50571"}],"wp:term":[{"taxonomy":"product_brand","embeddable":true,"href":"https:\/\/www.hirtenberg-apotheke.at\/katalog\/wp-json\/wp\/v2\/product_brand?post=50571"},{"taxonomy":"product_cat","embeddable":true,"href":"https:\/\/www.hirtenberg-apotheke.at\/katalog\/wp-json\/wp\/v2\/product_cat?post=50571"},{"taxonomy":"product_tag","embeddable":true,"href":"https:\/\/www.hirtenberg-apotheke.at\/katalog\/wp-json\/wp\/v2\/product_tag?post=50571"}],"curies":[{"name":"wp","href":"https:\/\/api.w.org\/{rel}","templated":true}]}}