{"id":50589,"date":"2025-11-26T13:39:38","date_gmt":"2025-11-26T12:39:38","guid":{"rendered":"https:\/\/www.hirtenberg-apotheke.at\/katalog\/produkt\/la-roche-posay-toleriane-teint-mattierendes-mousse-make-up-05-honey-beige-30-ml\/"},"modified":"2025-11-26T13:40:32","modified_gmt":"2025-11-26T12:40:32","slug":"la-roche-posay-toleriane-teint-mattierendes-mousse-make-up-05-honey-beige-30-ml","status":"publish","type":"product","link":"https:\/\/www.hirtenberg-apotheke.at\/katalog\/produkt\/la-roche-posay-toleriane-teint-mattierendes-mousse-make-up-05-honey-beige-30-ml\/","title":{"rendered":"La Roche-Posay Toleriane Teint mattierendes Mousse Make-Up 05 Honey Beige 30 ml"},"content":{"rendered":"<p>F\u00fcr einen ebenm\u00e4\u00dfigen, mattierenden Teint f\u00fcr empfindliche, normale Haut und Mischhaut. Mit LSF 20. Luftige Mousse-Textur f\u00fcr eine samtige und mattierte Haut. Schwei\u00dfresistent und erh\u00e4ltlich in 5 Nuancen.<\/p>\n","protected":false},"excerpt":{"rendered":"<p>F\u00fcr einen ebenm\u00e4\u00dfigen, mattierenden Teint f\u00fcr empfindliche, normale Haut und Mischhaut. Mit LSF 20. Luftige Mousse-Textur f\u00fcr eine samtige und mattierte Haut. Schwei\u00dfresistent und erh\u00e4ltlich in 5 Nuancen.<\/p>\n","protected":false},"featured_media":50591,"template":"","meta":{"_acf_changed":false},"product_brand":[692],"product_cat":[317],"product_tag":[],"class_list":{"0":"post-50589","1":"product","2":"type-product","3":"status-publish","4":"has-post-thumbnail","6":"product_brand-la-roche-posay","7":"product_cat-l","8":"pa_farbe-05-honey-beige","9":"pa_packungsgroesse-30ml","11":"first","12":"instock","13":"shipping-taxable","14":"purchasable","15":"product-type-simple"},"acf":[],"_links":{"self":[{"href":"https:\/\/www.hirtenberg-apotheke.at\/katalog\/wp-json\/wp\/v2\/product\/50589","targetHints":{"allow":["GET"]}}],"collection":[{"href":"https:\/\/www.hirtenberg-apotheke.at\/katalog\/wp-json\/wp\/v2\/product"}],"about":[{"href":"https:\/\/www.hirtenberg-apotheke.at\/katalog\/wp-json\/wp\/v2\/types\/product"}],"wp:featuredmedia":[{"embeddable":true,"href":"https:\/\/www.hirtenberg-apotheke.at\/katalog\/wp-json\/wp\/v2\/media\/50591"}],"wp:attachment":[{"href":"https:\/\/www.hirtenberg-apotheke.at\/katalog\/wp-json\/wp\/v2\/media?parent=50589"}],"wp:term":[{"taxonomy":"product_brand","embeddable":true,"href":"https:\/\/www.hirtenberg-apotheke.at\/katalog\/wp-json\/wp\/v2\/product_brand?post=50589"},{"taxonomy":"product_cat","embeddable":true,"href":"https:\/\/www.hirtenberg-apotheke.at\/katalog\/wp-json\/wp\/v2\/product_cat?post=50589"},{"taxonomy":"product_tag","embeddable":true,"href":"https:\/\/www.hirtenberg-apotheke.at\/katalog\/wp-json\/wp\/v2\/product_tag?post=50589"}],"curies":[{"name":"wp","href":"https:\/\/api.w.org\/{rel}","templated":true}]}}