{"id":50606,"date":"2025-11-26T13:40:31","date_gmt":"2025-11-26T12:40:31","guid":{"rendered":"https:\/\/www.hirtenberg-apotheke.at\/katalog\/produkt\/gum-trav-ler-inderdentalbuersten-1-6-mm-6-stk\/"},"modified":"2025-11-26T13:40:45","modified_gmt":"2025-11-26T12:40:45","slug":"gum-trav-ler-inderdentalbuersten-1-6-mm-6-stk","status":"publish","type":"product","link":"https:\/\/www.hirtenberg-apotheke.at\/katalog\/produkt\/gum-trav-ler-inderdentalbuersten-1-6-mm-6-stk\/","title":{"rendered":"Gum TRAV-LER Inderdentalb\u00fcrsten 1.6 mm 6 Stk."},"content":{"rendered":"<p>GUM\u00ae TRAV-LER\u00ae Inderdentalb\u00fcrsten (0.7 mm Drahtdurchmesser \/ 1.6 mm Zahnzwischenraum \/ ISO-Norm 5) Tannenform in blau mit flexiblem, ergonomischem Griff zur besseren Handhabung an schwer erreichbaren Stellen. Der B\u00fcrstenhals aus Kunststoff kann bis zu 90 Grad gebogen werden. Bis zu 25 % bessere Plaqueentfernung dank innovativer Dreiecks-Borstenstruktur. CHX-Beschichtung der Borsten h\u00e4lt die Interdentalb\u00fcrste hygienisch (bis zu 2 Wochen). Einfache Handhabung f\u00fcr hohe Patienten-Compliance.<\/p>\n","protected":false},"excerpt":{"rendered":"<p>GUM\u00ae TRAV-LER\u00ae Inderdentalb\u00fcrsten (0.7 mm Drahtdurchmesser \/ 1.6 mm Zahnzwischenraum \/ ISO-Norm 5) Tannenform in blau mit flexiblem, ergonomischem Griff zur besseren Handhabung an schwer erreichbaren Stellen. Der B\u00fcrstenhals aus Kunststoff kann bis zu 90 Grad gebogen werden. Bis zu 25 % bessere Plaqueentfernung dank innovativer Dreiecks-Borstenstruktur. CHX-Beschichtung der Borsten h\u00e4lt die Interdentalb\u00fcrste hygienisch (bis [&hellip;]<\/p>\n","protected":false},"featured_media":0,"template":"","meta":{"_acf_changed":false},"product_brand":[886],"product_cat":[328],"product_tag":[],"class_list":{"0":"post-50606","1":"product","2":"type-product","3":"status-publish","5":"product_brand-g-u-m","6":"product_cat-g","7":"pa_packungsgroesse-6-stueck","9":"first","10":"instock","11":"shipping-taxable","12":"purchasable","13":"product-type-simple"},"acf":[],"_links":{"self":[{"href":"https:\/\/www.hirtenberg-apotheke.at\/katalog\/wp-json\/wp\/v2\/product\/50606","targetHints":{"allow":["GET"]}}],"collection":[{"href":"https:\/\/www.hirtenberg-apotheke.at\/katalog\/wp-json\/wp\/v2\/product"}],"about":[{"href":"https:\/\/www.hirtenberg-apotheke.at\/katalog\/wp-json\/wp\/v2\/types\/product"}],"wp:attachment":[{"href":"https:\/\/www.hirtenberg-apotheke.at\/katalog\/wp-json\/wp\/v2\/media?parent=50606"}],"wp:term":[{"taxonomy":"product_brand","embeddable":true,"href":"https:\/\/www.hirtenberg-apotheke.at\/katalog\/wp-json\/wp\/v2\/product_brand?post=50606"},{"taxonomy":"product_cat","embeddable":true,"href":"https:\/\/www.hirtenberg-apotheke.at\/katalog\/wp-json\/wp\/v2\/product_cat?post=50606"},{"taxonomy":"product_tag","embeddable":true,"href":"https:\/\/www.hirtenberg-apotheke.at\/katalog\/wp-json\/wp\/v2\/product_tag?post=50606"}],"curies":[{"name":"wp","href":"https:\/\/api.w.org\/{rel}","templated":true}]}}