{"id":50626,"date":"2025-11-26T13:40:31","date_gmt":"2025-11-26T12:40:31","guid":{"rendered":"https:\/\/www.hirtenberg-apotheke.at\/katalog\/produkt\/dolomital-msm-teufelskralle-kapseln-60-stk\/"},"modified":"2025-11-26T13:41:14","modified_gmt":"2025-11-26T12:41:14","slug":"dolomital-msm-teufelskralle-kapseln-60-stk","status":"publish","type":"product","link":"https:\/\/www.hirtenberg-apotheke.at\/katalog\/produkt\/dolomital-msm-teufelskralle-kapseln-60-stk\/","title":{"rendered":"Dolomital MSM+ Teufelskralle Kapseln 60 Stk."},"content":{"rendered":"<p>Dolomital Teufelskralle Kapseln sind ein Nahrungserg\u00e4nzungsmittel mit Glucosamin, Chondroitin, MSM, Mangan und mit pflanzlichen Extrakten aus Teufelskralle und Aloe. Teufelskralle ist n\u00fctzlich f\u00fcr die Beweglichkeit und Mobilit\u00e4t der Gelenke. Mangan tr\u00e4gt zur einer normalen Bindegewebsbildung und zur Erhaltung normaler Knochen bei. Aloe hat antioxidative Eigenschaften und sch\u00fctzt so die Zellen vor freien Radikalen.<\/p>\n","protected":false},"excerpt":{"rendered":"<p>Dolomital Teufelskralle Kapseln sind ein Nahrungserg\u00e4nzungsmittel mit Glucosamin, Chondroitin, MSM, Mangan und mit pflanzlichen Extrakten aus Teufelskralle und Aloe. Teufelskralle ist n\u00fctzlich f\u00fcr die Beweglichkeit und Mobilit\u00e4t der Gelenke. Mangan tr\u00e4gt zur einer normalen Bindegewebsbildung und zur Erhaltung normaler Knochen bei. Aloe hat antioxidative Eigenschaften und sch\u00fctzt so die Zellen vor freien Radikalen.<\/p>\n","protected":false},"featured_media":50628,"template":"","meta":{"_acf_changed":false},"product_brand":[],"product_cat":[295],"product_tag":[],"class_list":{"0":"post-50626","1":"product","2":"type-product","3":"status-publish","4":"has-post-thumbnail","6":"product_cat-d","7":"pa_packungsgroesse-60-stueck","9":"first","10":"instock","11":"shipping-taxable","12":"purchasable","13":"product-type-simple"},"acf":[],"_links":{"self":[{"href":"https:\/\/www.hirtenberg-apotheke.at\/katalog\/wp-json\/wp\/v2\/product\/50626","targetHints":{"allow":["GET"]}}],"collection":[{"href":"https:\/\/www.hirtenberg-apotheke.at\/katalog\/wp-json\/wp\/v2\/product"}],"about":[{"href":"https:\/\/www.hirtenberg-apotheke.at\/katalog\/wp-json\/wp\/v2\/types\/product"}],"wp:featuredmedia":[{"embeddable":true,"href":"https:\/\/www.hirtenberg-apotheke.at\/katalog\/wp-json\/wp\/v2\/media\/50628"}],"wp:attachment":[{"href":"https:\/\/www.hirtenberg-apotheke.at\/katalog\/wp-json\/wp\/v2\/media?parent=50626"}],"wp:term":[{"taxonomy":"product_brand","embeddable":true,"href":"https:\/\/www.hirtenberg-apotheke.at\/katalog\/wp-json\/wp\/v2\/product_brand?post=50626"},{"taxonomy":"product_cat","embeddable":true,"href":"https:\/\/www.hirtenberg-apotheke.at\/katalog\/wp-json\/wp\/v2\/product_cat?post=50626"},{"taxonomy":"product_tag","embeddable":true,"href":"https:\/\/www.hirtenberg-apotheke.at\/katalog\/wp-json\/wp\/v2\/product_tag?post=50626"}],"curies":[{"name":"wp","href":"https:\/\/api.w.org\/{rel}","templated":true}]}}