{"id":50687,"date":"2025-11-26T13:41:59","date_gmt":"2025-11-26T12:41:59","guid":{"rendered":"https:\/\/www.hirtenberg-apotheke.at\/katalog\/produkt\/nutricia-ga-1-infant-400-g\/"},"modified":"2025-11-26T13:42:22","modified_gmt":"2025-11-26T12:42:22","slug":"nutricia-ga-1-infant-400-g","status":"publish","type":"product","link":"https:\/\/www.hirtenberg-apotheke.at\/katalog\/produkt\/nutricia-ga-1-infant-400-g\/","title":{"rendered":"Nutricia GA 1 Infant 400 g"},"content":{"rendered":"<p>Nutricia GA 1 Infant eignet sich di\u00e4tetischen Behandlung von S\u00e4uglingen mit Glutarazidurie Typ I. Die lysinfreie und tryptophanarme Flaschennahrung enth\u00e4lt Kohlenhydrate, Fett, Vitamine, Mineralstoffe, Spurenelemente, langkettig und mehrfach unges\u00e4ttigte Fetts\u00e4uren (LCP) sowie Ballaststoffe. Der beiliegende Messl\u00f6ffel erm\u00f6glicht eine einfache Dosierung.<\/p>\n","protected":false},"excerpt":{"rendered":"<p>Nutricia GA 1 Infant eignet sich di\u00e4tetischen Behandlung von S\u00e4uglingen mit Glutarazidurie Typ I. Die lysinfreie und tryptophanarme Flaschennahrung enth\u00e4lt Kohlenhydrate, Fett, Vitamine, Mineralstoffe, Spurenelemente, langkettig und mehrfach unges\u00e4ttigte Fetts\u00e4uren (LCP) sowie Ballaststoffe. Der beiliegende Messl\u00f6ffel erm\u00f6glicht eine einfache Dosierung.<\/p>\n","protected":false},"featured_media":0,"template":"","meta":{"_acf_changed":false},"product_brand":[],"product_cat":[310],"product_tag":[],"class_list":{"0":"post-50687","1":"product","2":"type-product","3":"status-publish","5":"product_cat-n","6":"pa_packungsgroesse-1-stueck","8":"first","9":"instock","10":"shipping-taxable","11":"purchasable","12":"product-type-simple"},"acf":[],"_links":{"self":[{"href":"https:\/\/www.hirtenberg-apotheke.at\/katalog\/wp-json\/wp\/v2\/product\/50687","targetHints":{"allow":["GET"]}}],"collection":[{"href":"https:\/\/www.hirtenberg-apotheke.at\/katalog\/wp-json\/wp\/v2\/product"}],"about":[{"href":"https:\/\/www.hirtenberg-apotheke.at\/katalog\/wp-json\/wp\/v2\/types\/product"}],"wp:attachment":[{"href":"https:\/\/www.hirtenberg-apotheke.at\/katalog\/wp-json\/wp\/v2\/media?parent=50687"}],"wp:term":[{"taxonomy":"product_brand","embeddable":true,"href":"https:\/\/www.hirtenberg-apotheke.at\/katalog\/wp-json\/wp\/v2\/product_brand?post=50687"},{"taxonomy":"product_cat","embeddable":true,"href":"https:\/\/www.hirtenberg-apotheke.at\/katalog\/wp-json\/wp\/v2\/product_cat?post=50687"},{"taxonomy":"product_tag","embeddable":true,"href":"https:\/\/www.hirtenberg-apotheke.at\/katalog\/wp-json\/wp\/v2\/product_tag?post=50687"}],"curies":[{"name":"wp","href":"https:\/\/api.w.org\/{rel}","templated":true}]}}