{"id":50788,"date":"2025-11-26T13:44:07","date_gmt":"2025-11-26T12:44:07","guid":{"rendered":"https:\/\/www.hirtenberg-apotheke.at\/katalog\/produkt\/nippes-hornhaut-hobel-klinge-720-10-stk\/"},"modified":"2025-11-26T13:44:19","modified_gmt":"2025-11-26T12:44:19","slug":"nippes-hornhaut-hobel-klinge-720-10-stk","status":"publish","type":"product","link":"https:\/\/www.hirtenberg-apotheke.at\/katalog\/produkt\/nippes-hornhaut-hobel-klinge-720-10-stk\/","title":{"rendered":"Nippes Hornhaut Hobel Klinge 720 10 Stk."},"content":{"rendered":"<p>Nippes Hornhaut Hobel Klinge 720 ist eine Klinge der Spitzklasse, die Ihnen zu besonders sch\u00f6nen F\u00fc\u00dfen verhilft. Die Klinge eignet sich besonders zur Anwendung bei H\u00fchneraugen.<\/p>\n","protected":false},"excerpt":{"rendered":"<p>Nippes Hornhaut Hobel Klinge 720 ist eine Klinge der Spitzklasse, die Ihnen zu besonders sch\u00f6nen F\u00fc\u00dfen verhilft. Die Klinge eignet sich besonders zur Anwendung bei H\u00fchneraugen.<\/p>\n","protected":false},"featured_media":0,"template":"","meta":{"_acf_changed":false},"product_brand":[684],"product_cat":[310],"product_tag":[],"class_list":{"0":"post-50788","1":"product","2":"type-product","3":"status-publish","5":"product_brand-nippes","6":"product_cat-n","7":"pa_packungsgroesse-10-stueck","9":"first","10":"instock","11":"shipping-taxable","12":"purchasable","13":"product-type-simple"},"acf":[],"_links":{"self":[{"href":"https:\/\/www.hirtenberg-apotheke.at\/katalog\/wp-json\/wp\/v2\/product\/50788","targetHints":{"allow":["GET"]}}],"collection":[{"href":"https:\/\/www.hirtenberg-apotheke.at\/katalog\/wp-json\/wp\/v2\/product"}],"about":[{"href":"https:\/\/www.hirtenberg-apotheke.at\/katalog\/wp-json\/wp\/v2\/types\/product"}],"wp:attachment":[{"href":"https:\/\/www.hirtenberg-apotheke.at\/katalog\/wp-json\/wp\/v2\/media?parent=50788"}],"wp:term":[{"taxonomy":"product_brand","embeddable":true,"href":"https:\/\/www.hirtenberg-apotheke.at\/katalog\/wp-json\/wp\/v2\/product_brand?post=50788"},{"taxonomy":"product_cat","embeddable":true,"href":"https:\/\/www.hirtenberg-apotheke.at\/katalog\/wp-json\/wp\/v2\/product_cat?post=50788"},{"taxonomy":"product_tag","embeddable":true,"href":"https:\/\/www.hirtenberg-apotheke.at\/katalog\/wp-json\/wp\/v2\/product_tag?post=50788"}],"curies":[{"name":"wp","href":"https:\/\/api.w.org\/{rel}","templated":true}]}}