{"id":50799,"date":"2025-11-26T13:44:07","date_gmt":"2025-11-26T12:44:07","guid":{"rendered":"https:\/\/www.hirtenberg-apotheke.at\/katalog\/produkt\/dr-ehrenberger-eisenchelat-forte-kapseln-90-stk\/"},"modified":"2025-11-26T13:44:36","modified_gmt":"2025-11-26T12:44:36","slug":"dr-ehrenberger-eisenchelat-forte-kapseln-90-stk","status":"publish","type":"product","link":"https:\/\/www.hirtenberg-apotheke.at\/katalog\/produkt\/dr-ehrenberger-eisenchelat-forte-kapseln-90-stk\/","title":{"rendered":"Dr. Ehrenberger Eisenchelat forte Kapseln 90 Stk."},"content":{"rendered":"<p>Dr. Ehrenberger Eisenchelat forte Kapseln ist DAS vertr\u00e4gliche Eisenprodukt. Es tr\u00e4gt zu einer normalen Bildung von roten Blutk\u00f6rperchen, einem normalen Sauerstofftransport im K\u00f6rper sowie zur Verringerung von M\u00fcdigkeit und Erm\u00fcdung bei. Das Produkt enth\u00e4lt teilweise biologische Inhaltsstoffe.<\/p>\n","protected":false},"excerpt":{"rendered":"<p>Dr. Ehrenberger Eisenchelat forte Kapseln ist DAS vertr\u00e4gliche Eisenprodukt. Es tr\u00e4gt zu einer normalen Bildung von roten Blutk\u00f6rperchen, einem normalen Sauerstofftransport im K\u00f6rper sowie zur Verringerung von M\u00fcdigkeit und Erm\u00fcdung bei. Das Produkt enth\u00e4lt teilweise biologische Inhaltsstoffe.<\/p>\n","protected":false},"featured_media":0,"template":"","meta":{"_acf_changed":false},"product_brand":[492],"product_cat":[295],"product_tag":[],"class_list":{"0":"post-50799","1":"product","2":"type-product","3":"status-publish","5":"product_brand-dr-ehrenberger","6":"product_cat-d","7":"pa_packungsgroesse-90-stueck","9":"first","10":"instock","11":"shipping-taxable","12":"purchasable","13":"product-type-simple"},"acf":[],"_links":{"self":[{"href":"https:\/\/www.hirtenberg-apotheke.at\/katalog\/wp-json\/wp\/v2\/product\/50799","targetHints":{"allow":["GET"]}}],"collection":[{"href":"https:\/\/www.hirtenberg-apotheke.at\/katalog\/wp-json\/wp\/v2\/product"}],"about":[{"href":"https:\/\/www.hirtenberg-apotheke.at\/katalog\/wp-json\/wp\/v2\/types\/product"}],"wp:attachment":[{"href":"https:\/\/www.hirtenberg-apotheke.at\/katalog\/wp-json\/wp\/v2\/media?parent=50799"}],"wp:term":[{"taxonomy":"product_brand","embeddable":true,"href":"https:\/\/www.hirtenberg-apotheke.at\/katalog\/wp-json\/wp\/v2\/product_brand?post=50799"},{"taxonomy":"product_cat","embeddable":true,"href":"https:\/\/www.hirtenberg-apotheke.at\/katalog\/wp-json\/wp\/v2\/product_cat?post=50799"},{"taxonomy":"product_tag","embeddable":true,"href":"https:\/\/www.hirtenberg-apotheke.at\/katalog\/wp-json\/wp\/v2\/product_tag?post=50799"}],"curies":[{"name":"wp","href":"https:\/\/api.w.org\/{rel}","templated":true}]}}