{"id":50815,"date":"2025-11-26T13:44:44","date_gmt":"2025-11-26T12:44:44","guid":{"rendered":"https:\/\/www.hirtenberg-apotheke.at\/katalog\/produkt\/tegaderm-ro-10m-x-5cm-16002-1-stk\/"},"modified":"2025-11-26T13:44:53","modified_gmt":"2025-11-26T12:44:53","slug":"tegaderm-ro-10m-x-5cm-16002-1-stk","status":"publish","type":"product","link":"https:\/\/www.hirtenberg-apotheke.at\/katalog\/produkt\/tegaderm-ro-10m-x-5cm-16002-1-stk\/","title":{"rendered":"Tegaderm Ro 10m x 5cm 16002 1 Stk."},"content":{"rendered":"<p>Die 3M Tegaderm Rolle ist ein unsteriler Transparentverband zum Abrollen, der wirksamen Schutz vor Wasser und Verschmutzung bietet. Er \u00fcberzeugt durch seine Anpassungsf\u00e4higkeit und Flexibilit\u00e4t und sorgt damit f\u00fcr die Bewegungsfreiheit, die der Patient sich w\u00fcnscht.<\/p>\n","protected":false},"excerpt":{"rendered":"<p>Die 3M Tegaderm Rolle ist ein unsteriler Transparentverband zum Abrollen, der wirksamen Schutz vor Wasser und Verschmutzung bietet. Er \u00fcberzeugt durch seine Anpassungsf\u00e4higkeit und Flexibilit\u00e4t und sorgt damit f\u00fcr die Bewegungsfreiheit, die der Patient sich w\u00fcnscht.<\/p>\n","protected":false},"featured_media":50817,"template":"","meta":{"_acf_changed":false},"product_brand":[],"product_cat":[319],"product_tag":[],"class_list":{"0":"post-50815","1":"product","2":"type-product","3":"status-publish","4":"has-post-thumbnail","6":"product_cat-t","7":"pa_packungsgroesse-1-stueck","9":"first","10":"instock","11":"shipping-taxable","12":"purchasable","13":"product-type-simple"},"acf":[],"_links":{"self":[{"href":"https:\/\/www.hirtenberg-apotheke.at\/katalog\/wp-json\/wp\/v2\/product\/50815","targetHints":{"allow":["GET"]}}],"collection":[{"href":"https:\/\/www.hirtenberg-apotheke.at\/katalog\/wp-json\/wp\/v2\/product"}],"about":[{"href":"https:\/\/www.hirtenberg-apotheke.at\/katalog\/wp-json\/wp\/v2\/types\/product"}],"wp:featuredmedia":[{"embeddable":true,"href":"https:\/\/www.hirtenberg-apotheke.at\/katalog\/wp-json\/wp\/v2\/media\/50817"}],"wp:attachment":[{"href":"https:\/\/www.hirtenberg-apotheke.at\/katalog\/wp-json\/wp\/v2\/media?parent=50815"}],"wp:term":[{"taxonomy":"product_brand","embeddable":true,"href":"https:\/\/www.hirtenberg-apotheke.at\/katalog\/wp-json\/wp\/v2\/product_brand?post=50815"},{"taxonomy":"product_cat","embeddable":true,"href":"https:\/\/www.hirtenberg-apotheke.at\/katalog\/wp-json\/wp\/v2\/product_cat?post=50815"},{"taxonomy":"product_tag","embeddable":true,"href":"https:\/\/www.hirtenberg-apotheke.at\/katalog\/wp-json\/wp\/v2\/product_tag?post=50815"}],"curies":[{"name":"wp","href":"https:\/\/api.w.org\/{rel}","templated":true}]}}